{"id":1663,"date":"2023-03-28T09:38:54","date_gmt":"2023-03-28T09:38:54","guid":{"rendered":"https:\/\/international.sites-cites.fr\/proximamente\/"},"modified":"2025-09-03T09:41:33","modified_gmt":"2025-09-03T09:41:33","slug":"proximamente","status":"publish","type":"page","link":"https:\/\/international.sites-cites.fr\/es\/inicio-latam\/proximamente\/","title":{"rendered":"Pr\u00f3ximamente"},"content":{"rendered":"\t\t<div data-elementor-type=\"wp-page\" data-elementor-id=\"1663\" class=\"elementor elementor-1663 elementor-496\" data-elementor-post-type=\"page\">\n\t\t\t\t\t\t<section class=\"elementor-section elementor-top-section elementor-element elementor-element-eb37111 elementor-section-height-min-height elementor-section-boxed elementor-section-height-default elementor-section-items-middle\" data-id=\"eb37111\" data-element_type=\"section\" data-e-type=\"section\" data-settings=\"{&quot;background_background&quot;:&quot;classic&quot;}\">\n\t\t\t\t\t\t\t<div class=\"elementor-background-overlay\"><\/div>\n\t\t\t\t\t\t\t<div class=\"elementor-container elementor-column-gap-default\">\n\t\t\t\t\t<div class=\"elementor-column elementor-col-100 elementor-top-column elementor-element elementor-element-ae53fc3\" data-id=\"ae53fc3\" data-element_type=\"column\" data-e-type=\"column\">\n\t\t\t<div class=\"elementor-widget-wrap elementor-element-populated\">\n\t\t\t\t\t\t<div class=\"elementor-element elementor-element-3882e1c elementor-widget elementor-widget-heading\" data-id=\"3882e1c\" data-element_type=\"widget\" data-e-type=\"widget\" data-widget_type=\"heading.default\">\n\t\t\t\t<div class=\"elementor-widget-container\">\n\t\t\t\t\t<h1 class=\"elementor-heading-title elementor-size-default\">Pr\u00f3ximas acciones<\/h1>\t\t\t\t<\/div>\n\t\t\t\t<\/div>\n\t\t\t\t<div class=\"elementor-element elementor-element-1128c23 elementor-widget elementor-widget-text-editor\" data-id=\"1128c23\" data-element_type=\"widget\" data-e-type=\"widget\" data-widget_type=\"text-editor.default\">\n\t\t\t\t<div class=\"elementor-widget-container\">\n\t\t\t\t\t\t\t\t\t<p><strong>Las acciones del proyecto se han completado.<\/strong><\/p>\t\t\t\t\t\t\t\t<\/div>\n\t\t\t\t<\/div>\n\t\t\t\t\t<\/div>\n\t\t<\/div>\n\t\t\t\t\t<\/div>\n\t\t<\/section>\n\t\t\t\t<section class=\"elementor-section elementor-top-section elementor-element elementor-element-3706a3c elementor-section-boxed elementor-section-height-default elementor-section-height-default\" data-id=\"3706a3c\" data-element_type=\"section\" data-e-type=\"section\" data-settings=\"{&quot;background_background&quot;:&quot;classic&quot;}\">\n\t\t\t\t\t\t<div class=\"elementor-container elementor-column-gap-default\">\n\t\t\t\t\t<div class=\"elementor-column elementor-col-100 elementor-top-column elementor-element elementor-element-e59bf9f\" data-id=\"e59bf9f\" data-element_type=\"column\" data-e-type=\"column\">\n\t\t\t<div class=\"elementor-widget-wrap elementor-element-populated\">\n\t\t\t\t\t\t\t<\/div>\n\t\t<\/div>\n\t\t\t\t\t<\/div>\n\t\t<\/section>\n\t\t\t\t<section class=\"elementor-section elementor-top-section elementor-element elementor-element-467e5373 elementor-section-boxed elementor-section-height-default elementor-section-height-default\" data-id=\"467e5373\" data-element_type=\"section\" data-e-type=\"section\" data-settings=\"{&quot;background_background&quot;:&quot;classic&quot;}\">\n\t\t\t\t\t\t<div class=\"elementor-container elementor-column-gap-default\">\n\t\t\t\t\t<div class=\"elementor-column elementor-col-100 elementor-top-column elementor-element elementor-element-76b5c07d\" data-id=\"76b5c07d\" data-element_type=\"column\" data-e-type=\"column\">\n\t\t\t<div class=\"elementor-widget-wrap elementor-element-populated\">\n\t\t\t\t\t\t<div class=\"elementor-element elementor-element-55a6fd5a elementor-widget elementor-widget-heading\" data-id=\"55a6fd5a\" data-element_type=\"widget\" data-e-type=\"widget\" data-widget_type=\"heading.default\">\n\t\t\t\t<div class=\"elementor-widget-container\">\n\t\t\t\t\t<h2 class=\"elementor-heading-title elementor-size-default\">Los socios<\/h2>\t\t\t\t<\/div>\n\t\t\t\t<\/div>\n\t\t\t\t<div class=\"elementor-element elementor-element-41f97da elementor-testimonial--layout-image_above elementor-testimonial--skin-default elementor-testimonial--align-center elementor-arrows-yes elementor-pagination-type-bullets elementor-widget elementor-widget-testimonial-carousel\" data-id=\"41f97da\" data-element_type=\"widget\" data-e-type=\"widget\" data-settings=\"{&quot;slides_per_view&quot;:&quot;4&quot;,&quot;space_between&quot;:{&quot;unit&quot;:&quot;px&quot;,&quot;size&quot;:0,&quot;sizes&quot;:[]},&quot;show_arrows&quot;:&quot;yes&quot;,&quot;pagination&quot;:&quot;bullets&quot;,&quot;speed&quot;:500,&quot;autoplay&quot;:&quot;yes&quot;,&quot;autoplay_speed&quot;:5000,&quot;loop&quot;:&quot;yes&quot;,&quot;pause_on_hover&quot;:&quot;yes&quot;,&quot;pause_on_interaction&quot;:&quot;yes&quot;,&quot;space_between_tablet&quot;:{&quot;unit&quot;:&quot;px&quot;,&quot;size&quot;:10,&quot;sizes&quot;:[]},&quot;space_between_mobile&quot;:{&quot;unit&quot;:&quot;px&quot;,&quot;size&quot;:10,&quot;sizes&quot;:[]}}\" data-widget_type=\"testimonial-carousel.default\">\n\t\t\t\t<div class=\"elementor-widget-container\">\n\t\t\t\t\t\t\t\t\t<div class=\"elementor-swiper\">\n\t\t\t\t\t<div class=\"elementor-main-swiper swiper\" role=\"region\" aria-roledescription=\"carousel\" aria-label=\"Diapositives\">\n\t\t\t\t<div class=\"swiper-wrapper\">\n\t\t\t\t\t\t\t\t\t\t\t<div class=\"swiper-slide\" role=\"group\" aria-roledescription=\"slide\">\n\t\t\t\t\t\t\t\t\t<div class=\"elementor-testimonial\">\n\t\t\t\t\t\t\t<div class=\"elementor-testimonial__content\">\n\t\t\t\t\t<div class=\"elementor-testimonial__text\">\n\t\t\t\t\t\t<p><a href=\"https:\/\/international.sites-cites.fr\/es\/inicio-latam\/colombie-paipa\/\">PAIPA<\/a><br \/>\n<br \/>COLOMBIA<\/p>\n\t\t\t\t\t<\/div>\n\t\t\t\t\t\t\t\t\t<\/div>\n\t\t\t\t\t\t<div class=\"elementor-testimonial__footer\">\n\t\t\t\t\t\t\t\t\t<div class=\"elementor-testimonial__image\">\n\t\t\t\t\t\t<img decoding=\"async\" src=\"https:\/\/international.sites-cites.fr\/wp-content\/uploads\/2023\/05\/Colombie-Paipa.jpg\" alt=\"\">\n\t\t\t\t\t\t\t\t\t\t\t<\/div>\n\t\t\t\t\t\t\t\t\t\t\t<\/div>\n\t\t<\/div>\n\t\t\t\t\t\t\t\t<\/div>\n\t\t\t\t\t\t\t\t\t\t\t<div class=\"swiper-slide\" role=\"group\" aria-roledescription=\"slide\">\n\t\t\t\t\t\t\t\t\t<div class=\"elementor-testimonial\">\n\t\t\t\t\t\t\t<div class=\"elementor-testimonial__content\">\n\t\t\t\t\t<div class=\"elementor-testimonial__text\">\n\t\t\t\t\t\t<p><a href=\"https:\/\/international.sites-cites.fr\/es\/inicio-latam\/colombia-cartagena\/\">CARTHAGENE<\/a><br \/>\n<br \/>COLOMBIA<\/p>\n\t\t\t\t\t<\/div>\n\t\t\t\t\t\t\t\t\t<\/div>\n\t\t\t\t\t\t<div class=\"elementor-testimonial__footer\">\n\t\t\t\t\t\t\t\t\t<div class=\"elementor-testimonial__image\">\n\t\t\t\t\t\t<img decoding=\"async\" src=\"https:\/\/international.sites-cites.fr\/wp-content\/uploads\/2023\/06\/cartagena1.jpg\" alt=\"\">\n\t\t\t\t\t\t\t\t\t\t\t<\/div>\n\t\t\t\t\t\t\t\t\t\t\t<\/div>\n\t\t<\/div>\n\t\t\t\t\t\t\t\t<\/div>\n\t\t\t\t\t\t\t\t\t\t\t<div class=\"swiper-slide\" role=\"group\" aria-roledescription=\"slide\">\n\t\t\t\t\t\t\t\t\t<div class=\"elementor-testimonial\">\n\t\t\t\t\t\t\t<div class=\"elementor-testimonial__content\">\n\t\t\t\t\t<div class=\"elementor-testimonial__text\">\n\t\t\t\t\t\t<p><a href=\"https:\/\/international.sites-cites.fr\/es\/inicio-latam\/colombie-villa-de-leyva\/\">VILLA DE LEYVA<\/a><br \/>\n<br \/>COLOMBIA<\/p>\n\t\t\t\t\t<\/div>\n\t\t\t\t\t\t\t\t\t<\/div>\n\t\t\t\t\t\t<div class=\"elementor-testimonial__footer\">\n\t\t\t\t\t\t\t\t\t<div class=\"elementor-testimonial__image\">\n\t\t\t\t\t\t<img decoding=\"async\" src=\"https:\/\/international.sites-cites.fr\/wp-content\/uploads\/2023\/05\/Colombie-Leyva.jpg\" alt=\"\">\n\t\t\t\t\t\t\t\t\t\t\t<\/div>\n\t\t\t\t\t\t\t\t\t\t\t<\/div>\n\t\t<\/div>\n\t\t\t\t\t\t\t\t<\/div>\n\t\t\t\t\t\t\t\t\t\t\t<div class=\"swiper-slide\" role=\"group\" aria-roledescription=\"slide\">\n\t\t\t\t\t\t\t\t\t<div class=\"elementor-testimonial\">\n\t\t\t\t\t\t\t<div class=\"elementor-testimonial__content\">\n\t\t\t\t\t<div class=\"elementor-testimonial__text\">\n\t\t\t\t\t\t<p><a href=\"https:\/\/international.sites-cites.fr\/es\/inicio-latam\/colombie-sogamoso\/\">SOGAMOSO<\/a><br \/>\n<br \/>COLOMBIA<\/p>\n\t\t\t\t\t<\/div>\n\t\t\t\t\t\t\t\t\t<\/div>\n\t\t\t\t\t\t<div class=\"elementor-testimonial__footer\">\n\t\t\t\t\t\t\t\t\t<div class=\"elementor-testimonial__image\">\n\t\t\t\t\t\t<img decoding=\"async\" src=\"https:\/\/international.sites-cites.fr\/wp-content\/uploads\/2023\/05\/Colombie-Sogamoso.jpg\" alt=\"\">\n\t\t\t\t\t\t\t\t\t\t\t<\/div>\n\t\t\t\t\t\t\t\t\t\t\t<\/div>\n\t\t<\/div>\n\t\t\t\t\t\t\t\t<\/div>\n\t\t\t\t\t\t\t\t\t\t\t<div class=\"swiper-slide\" role=\"group\" aria-roledescription=\"slide\">\n\t\t\t\t\t\t\t\t\t<div class=\"elementor-testimonial\">\n\t\t\t\t\t\t\t<div class=\"elementor-testimonial__content\">\n\t\t\t\t\t<div class=\"elementor-testimonial__text\">\n\t\t\t\t\t\t<p><a href=\"https:\/\/international.sites-cites.fr\/es\/inicio-latam\/equateur-cuenca\/\">CUENCA<\/a><br \/>\n<br \/>ECUADOR<\/p>\n\t\t\t\t\t<\/div>\n\t\t\t\t\t\t\t\t\t<\/div>\n\t\t\t\t\t\t<div class=\"elementor-testimonial__footer\">\n\t\t\t\t\t\t\t\t\t<div class=\"elementor-testimonial__image\">\n\t\t\t\t\t\t<img decoding=\"async\" src=\"https:\/\/international.sites-cites.fr\/wp-content\/uploads\/2023\/05\/Equateur-Cuenca.jpg\" alt=\"\">\n\t\t\t\t\t\t\t\t\t\t\t<\/div>\n\t\t\t\t\t\t\t\t\t\t\t<\/div>\n\t\t<\/div>\n\t\t\t\t\t\t\t\t<\/div>\n\t\t\t\t\t\t\t\t\t\t\t<div class=\"swiper-slide\" role=\"group\" aria-roledescription=\"slide\">\n\t\t\t\t\t\t\t\t\t<div class=\"elementor-testimonial\">\n\t\t\t\t\t\t\t<div class=\"elementor-testimonial__content\">\n\t\t\t\t\t<div class=\"elementor-testimonial__text\">\n\t\t\t\t\t\t<p><a href=\"https:\/\/international.sites-cites.fr\/es\/inicio-latam\/equateur-loja\/\">LOJA<\/a><br \/>\n<br \/>ECUADOR<\/p>\n\t\t\t\t\t<\/div>\n\t\t\t\t\t\t\t\t\t<\/div>\n\t\t\t\t\t\t<div class=\"elementor-testimonial__footer\">\n\t\t\t\t\t\t\t\t\t<div class=\"elementor-testimonial__image\">\n\t\t\t\t\t\t<img decoding=\"async\" src=\"https:\/\/international.sites-cites.fr\/wp-content\/uploads\/2023\/10\/Street_In_Loja_Ecuador_185973283.jpeg\" alt=\"\">\n\t\t\t\t\t\t\t\t\t\t\t<\/div>\n\t\t\t\t\t\t\t\t\t\t\t<\/div>\n\t\t<\/div>\n\t\t\t\t\t\t\t\t<\/div>\n\t\t\t\t\t\t\t\t\t\t\t<div class=\"swiper-slide\" role=\"group\" aria-roledescription=\"slide\">\n\t\t\t\t\t\t\t\t\t<div class=\"elementor-testimonial\">\n\t\t\t\t\t\t\t<div class=\"elementor-testimonial__content\">\n\t\t\t\t\t<div class=\"elementor-testimonial__text\">\n\t\t\t\t\t\t<p><a href=\"https:\/\/international.sites-cites.fr\/es\/inicio-latam\/ecuador-quito\/\">QUITO<\/a><br \/>\n<br \/>ECUADOR<\/p>\n\t\t\t\t\t<\/div>\n\t\t\t\t\t\t\t\t\t<\/div>\n\t\t\t\t\t\t<div class=\"elementor-testimonial__footer\">\n\t\t\t\t\t\t\t\t\t<div class=\"elementor-testimonial__image\">\n\t\t\t\t\t\t<img decoding=\"async\" src=\"https:\/\/international.sites-cites.fr\/wp-content\/uploads\/2023\/06\/quito.jpg\" alt=\"\">\n\t\t\t\t\t\t\t\t\t\t\t<\/div>\n\t\t\t\t\t\t\t\t\t\t\t<\/div>\n\t\t<\/div>\n\t\t\t\t\t\t\t\t<\/div>\n\t\t\t\t\t\t\t\t\t\t\t<div class=\"swiper-slide\" role=\"group\" aria-roledescription=\"slide\">\n\t\t\t\t\t\t\t\t\t<div class=\"elementor-testimonial\">\n\t\t\t\t\t\t\t<div class=\"elementor-testimonial__content\">\n\t\t\t\t\t<div class=\"elementor-testimonial__text\">\n\t\t\t\t\t\t<p><a href=\"https:\/\/international.sites-cites.fr\/es\/inicio-latam\/burdeos-metropolitano\/\">BURDEOS<\/a><br \/>\n<br \/>FRANCIA<\/p>\n\t\t\t\t\t<\/div>\n\t\t\t\t\t\t\t\t\t<\/div>\n\t\t\t\t\t\t<div class=\"elementor-testimonial__footer\">\n\t\t\t\t\t\t\t\t\t<div class=\"elementor-testimonial__image\">\n\t\t\t\t\t\t<img decoding=\"async\" src=\"https:\/\/international.sites-cites.fr\/wp-content\/uploads\/2023\/10\/Bordeaux_France-scaled.jpg\" alt=\"\">\n\t\t\t\t\t\t\t\t\t\t\t<\/div>\n\t\t\t\t\t\t\t\t\t\t\t<\/div>\n\t\t<\/div>\n\t\t\t\t\t\t\t\t<\/div>\n\t\t\t\t\t\t\t\t\t\t\t<div class=\"swiper-slide\" role=\"group\" aria-roledescription=\"slide\">\n\t\t\t\t\t\t\t\t\t<div class=\"elementor-testimonial\">\n\t\t\t\t\t\t\t<div class=\"elementor-testimonial__content\">\n\t\t\t\t\t<div class=\"elementor-testimonial__text\">\n\t\t\t\t\t\t<p><a href=\"https:\/\/international.sites-cites.fr\/es\/inicio-latam\/francia-dinan\/\">DINAN<\/a><br \/>\n<br \/>FRANCIA<\/p>\n\t\t\t\t\t<\/div>\n\t\t\t\t\t\t\t\t\t<\/div>\n\t\t\t\t\t\t<div class=\"elementor-testimonial__footer\">\n\t\t\t\t\t\t\t\t\t<div class=\"elementor-testimonial__image\">\n\t\t\t\t\t\t<img decoding=\"async\" src=\"https:\/\/international.sites-cites.fr\/wp-content\/uploads\/2023\/10\/dinan2018-123-simonbourcier-1600x900-1657091183.jpg\" alt=\"\">\n\t\t\t\t\t\t\t\t\t\t\t<\/div>\n\t\t\t\t\t\t\t\t\t\t\t<\/div>\n\t\t<\/div>\n\t\t\t\t\t\t\t\t<\/div>\n\t\t\t\t\t\t\t\t\t\t\t<div class=\"swiper-slide\" role=\"group\" aria-roledescription=\"slide\">\n\t\t\t\t\t\t\t\t\t<div class=\"elementor-testimonial\">\n\t\t\t\t\t\t\t<div class=\"elementor-testimonial__content\">\n\t\t\t\t\t<div class=\"elementor-testimonial__text\">\n\t\t\t\t\t\t<p><a href=\"https:\/\/international.sites-cites.fr\/es\/inicio-latam\/draguignan\/\">DRAGUIGNAN<\/a><br \/>\n<br \/>FRANCIA<\/p>\n\t\t\t\t\t<\/div>\n\t\t\t\t\t\t\t\t\t<\/div>\n\t\t\t\t\t\t<div class=\"elementor-testimonial__footer\">\n\t\t\t\t\t\t\t\t\t<div class=\"elementor-testimonial__image\">\n\t\t\t\t\t\t<img decoding=\"async\" src=\"https:\/\/international.sites-cites.fr\/wp-content\/uploads\/2023\/10\/Co45uvent_et_Chapelle_des_Minimes_-_Draguignan_4.jpg\" alt=\"\">\n\t\t\t\t\t\t\t\t\t\t\t<\/div>\n\t\t\t\t\t\t\t\t\t\t\t<\/div>\n\t\t<\/div>\n\t\t\t\t\t\t\t\t<\/div>\n\t\t\t\t\t\t\t\t\t\t\t<div class=\"swiper-slide\" role=\"group\" aria-roledescription=\"slide\">\n\t\t\t\t\t\t\t\t\t<div class=\"elementor-testimonial\">\n\t\t\t\t\t\t\t<div class=\"elementor-testimonial__content\">\n\t\t\t\t\t<div class=\"elementor-testimonial__text\">\n\t\t\t\t\t\t<p><a href=\"https:\/\/international.sites-cites.fr\/es\/inicio-latam\/francia-elbeuf-sur-seine\/\">ELBEUF-SUR-SEINE<\/a><br \/>\n<br \/>FRANCIA<\/p>\n\t\t\t\t\t<\/div>\n\t\t\t\t\t\t\t\t\t<\/div>\n\t\t\t\t\t\t<div class=\"elementor-testimonial__footer\">\n\t\t\t\t\t\t\t\t\t<div class=\"elementor-testimonial__image\">\n\t\t\t\t\t\t<img decoding=\"async\" src=\"https:\/\/international.sites-cites.fr\/wp-content\/uploads\/2023\/05\/France-Elbeuf.jpg\" alt=\"\">\n\t\t\t\t\t\t\t\t\t\t\t<\/div>\n\t\t\t\t\t\t\t\t\t\t\t<\/div>\n\t\t<\/div>\n\t\t\t\t\t\t\t\t<\/div>\n\t\t\t\t\t\t\t\t\t\t\t<div class=\"swiper-slide\" role=\"group\" aria-roledescription=\"slide\">\n\t\t\t\t\t\t\t\t\t<div class=\"elementor-testimonial\">\n\t\t\t\t\t\t\t<div class=\"elementor-testimonial__content\">\n\t\t\t\t\t<div class=\"elementor-testimonial__text\">\n\t\t\t\t\t\t<p><a href=\"https:\/\/international.sites-cites.fr\/es\/inicio-latam\/mexico-puebla\/\">PUEBLA<\/a><br \/>\n<br \/>M\u00c9XICO<\/p>\n\t\t\t\t\t<\/div>\n\t\t\t\t\t\t\t\t\t<\/div>\n\t\t\t\t\t\t<div class=\"elementor-testimonial__footer\">\n\t\t\t\t\t\t\t\t\t<div class=\"elementor-testimonial__image\">\n\t\t\t\t\t\t<img decoding=\"async\" src=\"https:\/\/international.sites-cites.fr\/wp-content\/uploads\/2023\/09\/2-PUEBLA.jpg\" alt=\"\">\n\t\t\t\t\t\t\t\t\t\t\t<\/div>\n\t\t\t\t\t\t\t\t\t\t\t<\/div>\n\t\t<\/div>\n\t\t\t\t\t\t\t\t<\/div>\n\t\t\t\t\t\t\t\t\t<\/div>\n\t\t\t\t\t\t\t\t\t\t\t\t\t\t\t<div class=\"elementor-swiper-button elementor-swiper-button-prev\" role=\"button\" tabindex=\"0\" aria-label=\"Anterior\">\n\t\t\t\t\t\t\t<i aria-hidden=\"true\" class=\"eicon-chevron-left\"><\/i>\t\t\t\t\t\t<\/div>\n\t\t\t\t\t\t<div class=\"elementor-swiper-button elementor-swiper-button-next\" role=\"button\" tabindex=\"0\" aria-label=\"Siguiente\">\n\t\t\t\t\t\t\t<i aria-hidden=\"true\" class=\"eicon-chevron-right\"><\/i>\t\t\t\t\t\t<\/div>\n\t\t\t\t\t\t\t\t\t\t\t\t\t\t\t\t<div class=\"swiper-pagination\"><\/div>\n\t\t\t\t\t\t\t\t\t\t\t\t<\/div>\n\t\t\t\t<\/div>\n\t\t\t\t\t\t\t\t<\/div>\n\t\t\t\t<\/div>\n\t\t\t\t\t<\/div>\n\t\t<\/div>\n\t\t\t\t\t<\/div>\n\t\t<\/section>\n\t\t\t\t<\/div>\n\t\t","protected":false},"excerpt":{"rendered":"<p>Pr\u00f3ximas acciones Las acciones del proyecto se han completado. Los socios PAIPA COLOMBIA CARTHAGENE COLOMBIA VILLA DE LEYVA COLOMBIA SOGAMOSO COLOMBIA CUENCA ECUADOR LOJA ECUADOR QUITO ECUADOR BURDEOS FRANCIA DINAN FRANCIA DRAGUIGNAN FRANCIA ELBEUF-SUR-SEINE FRANCIA PUEBLA M\u00c9XICO<\/p>\n","protected":false},"author":1,"featured_media":0,"parent":1984,"menu_order":0,"comment_status":"closed","ping_status":"closed","template":"","meta":{"_acf_changed":false,"_bbp_topic_count":0,"_bbp_reply_count":0,"_bbp_total_topic_count":0,"_bbp_total_reply_count":0,"_bbp_voice_count":0,"_bbp_anonymous_reply_count":0,"_bbp_topic_count_hidden":0,"_bbp_reply_count_hidden":0,"_bbp_forum_subforum_count":0,"footnotes":""},"class_list":["post-1663","page","type-page","status-publish","hentry"],"acf":[],"yoast_head":"<!-- This site is optimized with the Yoast SEO plugin v27.5 - https:\/\/yoast.com\/product\/yoast-seo-wordpress\/ -->\n<title>Pr\u00f3ximamente - Sites &amp; Cit\u00e9s International<\/title>\n<meta name=\"robots\" content=\"index, follow, max-snippet:-1, max-image-preview:large, max-video-preview:-1\" \/>\n<link rel=\"canonical\" href=\"https:\/\/international.sites-cites.fr\/es\/inicio-latam\/proximamente\/\" \/>\n<meta property=\"og:locale\" content=\"es_ES\" \/>\n<meta property=\"og:type\" content=\"article\" \/>\n<meta property=\"og:title\" content=\"Pr\u00f3ximamente - Sites &amp; Cit\u00e9s International\" \/>\n<meta property=\"og:description\" content=\"Pr\u00f3ximas acciones Las acciones del proyecto se han completado. Los socios PAIPA COLOMBIA CARTHAGENE COLOMBIA VILLA DE LEYVA COLOMBIA SOGAMOSO COLOMBIA CUENCA ECUADOR LOJA ECUADOR QUITO ECUADOR BURDEOS FRANCIA DINAN FRANCIA DRAGUIGNAN FRANCIA ELBEUF-SUR-SEINE FRANCIA PUEBLA M\u00c9XICO\" \/>\n<meta property=\"og:url\" content=\"https:\/\/international.sites-cites.fr\/es\/inicio-latam\/proximamente\/\" \/>\n<meta property=\"og:site_name\" content=\"Sites &amp; Cit\u00e9s International\" \/>\n<meta property=\"article:modified_time\" content=\"2025-09-03T09:41:33+00:00\" \/>\n<meta property=\"og:image\" content=\"https:\/\/international.sites-cites.fr\/wp-content\/uploads\/2023\/05\/Colombie-Paipa.jpg\" \/>\n<meta name=\"twitter:card\" content=\"summary_large_image\" \/>\n<script type=\"application\/ld+json\" class=\"yoast-schema-graph\">{\"@context\":\"https:\\\/\\\/schema.org\",\"@graph\":[{\"@type\":\"WebPage\",\"@id\":\"https:\\\/\\\/international.sites-cites.fr\\\/es\\\/inicio-latam\\\/proximamente\\\/\",\"url\":\"https:\\\/\\\/international.sites-cites.fr\\\/es\\\/inicio-latam\\\/proximamente\\\/\",\"name\":\"Pr\u00f3ximamente - Sites &amp; Cit\u00e9s International\",\"isPartOf\":{\"@id\":\"https:\\\/\\\/international.sites-cites.fr\\\/es\\\/#website\"},\"primaryImageOfPage\":{\"@id\":\"https:\\\/\\\/international.sites-cites.fr\\\/es\\\/inicio-latam\\\/proximamente\\\/#primaryimage\"},\"image\":{\"@id\":\"https:\\\/\\\/international.sites-cites.fr\\\/es\\\/inicio-latam\\\/proximamente\\\/#primaryimage\"},\"thumbnailUrl\":\"https:\\\/\\\/international.sites-cites.fr\\\/wp-content\\\/uploads\\\/2023\\\/05\\\/Colombie-Paipa.jpg\",\"datePublished\":\"2023-03-28T09:38:54+00:00\",\"dateModified\":\"2025-09-03T09:41:33+00:00\",\"breadcrumb\":{\"@id\":\"https:\\\/\\\/international.sites-cites.fr\\\/es\\\/inicio-latam\\\/proximamente\\\/#breadcrumb\"},\"inLanguage\":\"es\",\"potentialAction\":[{\"@type\":\"ReadAction\",\"target\":[\"https:\\\/\\\/international.sites-cites.fr\\\/es\\\/inicio-latam\\\/proximamente\\\/\"]}]},{\"@type\":\"ImageObject\",\"inLanguage\":\"es\",\"@id\":\"https:\\\/\\\/international.sites-cites.fr\\\/es\\\/inicio-latam\\\/proximamente\\\/#primaryimage\",\"url\":\"https:\\\/\\\/international.sites-cites.fr\\\/wp-content\\\/uploads\\\/2023\\\/05\\\/Colombie-Paipa.jpg\",\"contentUrl\":\"https:\\\/\\\/international.sites-cites.fr\\\/wp-content\\\/uploads\\\/2023\\\/05\\\/Colombie-Paipa.jpg\"},{\"@type\":\"BreadcrumbList\",\"@id\":\"https:\\\/\\\/international.sites-cites.fr\\\/es\\\/inicio-latam\\\/proximamente\\\/#breadcrumb\",\"itemListElement\":[{\"@type\":\"ListItem\",\"position\":1,\"name\":\"Accueil\",\"item\":\"https:\\\/\\\/international.sites-cites.fr\\\/es\\\/\"},{\"@type\":\"ListItem\",\"position\":2,\"name\":\"INICIO LATAM\",\"item\":\"https:\\\/\\\/international.sites-cites.fr\\\/es\\\/inicio-latam\\\/\"},{\"@type\":\"ListItem\",\"position\":3,\"name\":\"Pr\u00f3ximamente\"}]},{\"@type\":\"WebSite\",\"@id\":\"https:\\\/\\\/international.sites-cites.fr\\\/es\\\/#website\",\"url\":\"https:\\\/\\\/international.sites-cites.fr\\\/es\\\/\",\"name\":\"Sites & Cit\u00e9s International\",\"description\":\"\",\"publisher\":{\"@id\":\"https:\\\/\\\/international.sites-cites.fr\\\/es\\\/#organization\"},\"potentialAction\":[{\"@type\":\"SearchAction\",\"target\":{\"@type\":\"EntryPoint\",\"urlTemplate\":\"https:\\\/\\\/international.sites-cites.fr\\\/es\\\/?s={search_term_string}\"},\"query-input\":{\"@type\":\"PropertyValueSpecification\",\"valueRequired\":true,\"valueName\":\"search_term_string\"}}],\"inLanguage\":\"es\"},{\"@type\":\"Organization\",\"@id\":\"https:\\\/\\\/international.sites-cites.fr\\\/es\\\/#organization\",\"name\":\"Sites & Cit\u00e9s International\",\"url\":\"https:\\\/\\\/international.sites-cites.fr\\\/es\\\/\",\"logo\":{\"@type\":\"ImageObject\",\"inLanguage\":\"es\",\"@id\":\"https:\\\/\\\/international.sites-cites.fr\\\/es\\\/#\\\/schema\\\/logo\\\/image\\\/\",\"url\":\"https:\\\/\\\/international.sites-cites.fr\\\/wp-content\\\/uploads\\\/2023\\\/01\\\/cropped-logo-01.png\",\"contentUrl\":\"https:\\\/\\\/international.sites-cites.fr\\\/wp-content\\\/uploads\\\/2023\\\/01\\\/cropped-logo-01.png\",\"width\":1378,\"height\":1015,\"caption\":\"Sites & Cit\u00e9s International\"},\"image\":{\"@id\":\"https:\\\/\\\/international.sites-cites.fr\\\/es\\\/#\\\/schema\\\/logo\\\/image\\\/\"}}]}<\/script>\n<!-- \/ Yoast SEO plugin. -->","yoast_head_json":{"title":"Pr\u00f3ximamente - Sites &amp; Cit\u00e9s International","robots":{"index":"index","follow":"follow","max-snippet":"max-snippet:-1","max-image-preview":"max-image-preview:large","max-video-preview":"max-video-preview:-1"},"canonical":"https:\/\/international.sites-cites.fr\/es\/inicio-latam\/proximamente\/","og_locale":"es_ES","og_type":"article","og_title":"Pr\u00f3ximamente - Sites &amp; Cit\u00e9s International","og_description":"Pr\u00f3ximas acciones Las acciones del proyecto se han completado. Los socios PAIPA COLOMBIA CARTHAGENE COLOMBIA VILLA DE LEYVA COLOMBIA SOGAMOSO COLOMBIA CUENCA ECUADOR LOJA ECUADOR QUITO ECUADOR BURDEOS FRANCIA DINAN FRANCIA DRAGUIGNAN FRANCIA ELBEUF-SUR-SEINE FRANCIA PUEBLA M\u00c9XICO","og_url":"https:\/\/international.sites-cites.fr\/es\/inicio-latam\/proximamente\/","og_site_name":"Sites &amp; Cit\u00e9s International","article_modified_time":"2025-09-03T09:41:33+00:00","og_image":[{"url":"https:\/\/international.sites-cites.fr\/wp-content\/uploads\/2023\/05\/Colombie-Paipa.jpg","type":"","width":"","height":""}],"twitter_card":"summary_large_image","schema":{"@context":"https:\/\/schema.org","@graph":[{"@type":"WebPage","@id":"https:\/\/international.sites-cites.fr\/es\/inicio-latam\/proximamente\/","url":"https:\/\/international.sites-cites.fr\/es\/inicio-latam\/proximamente\/","name":"Pr\u00f3ximamente - Sites &amp; Cit\u00e9s International","isPartOf":{"@id":"https:\/\/international.sites-cites.fr\/es\/#website"},"primaryImageOfPage":{"@id":"https:\/\/international.sites-cites.fr\/es\/inicio-latam\/proximamente\/#primaryimage"},"image":{"@id":"https:\/\/international.sites-cites.fr\/es\/inicio-latam\/proximamente\/#primaryimage"},"thumbnailUrl":"https:\/\/international.sites-cites.fr\/wp-content\/uploads\/2023\/05\/Colombie-Paipa.jpg","datePublished":"2023-03-28T09:38:54+00:00","dateModified":"2025-09-03T09:41:33+00:00","breadcrumb":{"@id":"https:\/\/international.sites-cites.fr\/es\/inicio-latam\/proximamente\/#breadcrumb"},"inLanguage":"es","potentialAction":[{"@type":"ReadAction","target":["https:\/\/international.sites-cites.fr\/es\/inicio-latam\/proximamente\/"]}]},{"@type":"ImageObject","inLanguage":"es","@id":"https:\/\/international.sites-cites.fr\/es\/inicio-latam\/proximamente\/#primaryimage","url":"https:\/\/international.sites-cites.fr\/wp-content\/uploads\/2023\/05\/Colombie-Paipa.jpg","contentUrl":"https:\/\/international.sites-cites.fr\/wp-content\/uploads\/2023\/05\/Colombie-Paipa.jpg"},{"@type":"BreadcrumbList","@id":"https:\/\/international.sites-cites.fr\/es\/inicio-latam\/proximamente\/#breadcrumb","itemListElement":[{"@type":"ListItem","position":1,"name":"Accueil","item":"https:\/\/international.sites-cites.fr\/es\/"},{"@type":"ListItem","position":2,"name":"INICIO LATAM","item":"https:\/\/international.sites-cites.fr\/es\/inicio-latam\/"},{"@type":"ListItem","position":3,"name":"Pr\u00f3ximamente"}]},{"@type":"WebSite","@id":"https:\/\/international.sites-cites.fr\/es\/#website","url":"https:\/\/international.sites-cites.fr\/es\/","name":"Sites & Cit\u00e9s International","description":"","publisher":{"@id":"https:\/\/international.sites-cites.fr\/es\/#organization"},"potentialAction":[{"@type":"SearchAction","target":{"@type":"EntryPoint","urlTemplate":"https:\/\/international.sites-cites.fr\/es\/?s={search_term_string}"},"query-input":{"@type":"PropertyValueSpecification","valueRequired":true,"valueName":"search_term_string"}}],"inLanguage":"es"},{"@type":"Organization","@id":"https:\/\/international.sites-cites.fr\/es\/#organization","name":"Sites & Cit\u00e9s International","url":"https:\/\/international.sites-cites.fr\/es\/","logo":{"@type":"ImageObject","inLanguage":"es","@id":"https:\/\/international.sites-cites.fr\/es\/#\/schema\/logo\/image\/","url":"https:\/\/international.sites-cites.fr\/wp-content\/uploads\/2023\/01\/cropped-logo-01.png","contentUrl":"https:\/\/international.sites-cites.fr\/wp-content\/uploads\/2023\/01\/cropped-logo-01.png","width":1378,"height":1015,"caption":"Sites & Cit\u00e9s International"},"image":{"@id":"https:\/\/international.sites-cites.fr\/es\/#\/schema\/logo\/image\/"}}]}},"_links":{"self":[{"href":"https:\/\/international.sites-cites.fr\/es\/wp-json\/wp\/v2\/pages\/1663","targetHints":{"allow":["GET"]}}],"collection":[{"href":"https:\/\/international.sites-cites.fr\/es\/wp-json\/wp\/v2\/pages"}],"about":[{"href":"https:\/\/international.sites-cites.fr\/es\/wp-json\/wp\/v2\/types\/page"}],"author":[{"embeddable":true,"href":"https:\/\/international.sites-cites.fr\/es\/wp-json\/wp\/v2\/users\/1"}],"replies":[{"embeddable":true,"href":"https:\/\/international.sites-cites.fr\/es\/wp-json\/wp\/v2\/comments?post=1663"}],"version-history":[{"count":5,"href":"https:\/\/international.sites-cites.fr\/es\/wp-json\/wp\/v2\/pages\/1663\/revisions"}],"predecessor-version":[{"id":7933,"href":"https:\/\/international.sites-cites.fr\/es\/wp-json\/wp\/v2\/pages\/1663\/revisions\/7933"}],"up":[{"embeddable":true,"href":"https:\/\/international.sites-cites.fr\/es\/wp-json\/wp\/v2\/pages\/1984"}],"wp:attachment":[{"href":"https:\/\/international.sites-cites.fr\/es\/wp-json\/wp\/v2\/media?parent=1663"}],"curies":[{"name":"wp","href":"https:\/\/api.w.org\/{rel}","templated":true}]}}