{"id":1710,"date":"2023-01-12T12:53:23","date_gmt":"2023-01-12T12:53:23","guid":{"rendered":"https:\/\/international.sites-cites.fr\/conexion\/"},"modified":"2023-09-18T09:41:46","modified_gmt":"2023-09-18T09:41:46","slug":"conexion","status":"publish","type":"page","link":"https:\/\/international.sites-cites.fr\/es\/inicio-latam\/conexion\/","title":{"rendered":"Conexi\u00f3n"},"content":{"rendered":"\t\t<div data-elementor-type=\"wp-page\" data-elementor-id=\"1710\" class=\"elementor elementor-1710 elementor-232\" data-elementor-post-type=\"page\">\n\t\t\t\t\t\t<section class=\"elementor-section elementor-top-section elementor-element elementor-element-71e602fa elementor-section-boxed elementor-section-height-default elementor-section-height-default\" data-id=\"71e602fa\" data-element_type=\"section\" data-e-type=\"section\">\n\t\t\t\t\t\t<div class=\"elementor-container elementor-column-gap-default\">\n\t\t\t\t\t<div class=\"elementor-column elementor-col-100 elementor-top-column elementor-element elementor-element-6bb90991\" data-id=\"6bb90991\" data-element_type=\"column\" data-e-type=\"column\">\n\t\t\t<div class=\"elementor-widget-wrap elementor-element-populated\">\n\t\t\t\t\t\t<div class=\"elementor-element elementor-element-325af06 elementor-widget elementor-widget-text-editor\" data-id=\"325af06\" data-element_type=\"widget\" data-e-type=\"widget\" data-widget_type=\"text-editor.default\">\n\t\t\t\t<div class=\"elementor-widget-container\">\n\t\t\t\t\t\t\t\t\t<p>Este contenido s\u00f3lo es accesible a los miembros del sitio. <span style=\"color: var( --e-global-color-text ); font-family: var( --e-global-typography-text-font-family ), Sans-serif; font-size: var( --e-global-typography-text-font-size ); font-style: var( --e-global-typography-text-font-style ); font-weight: var( --e-global-typography-text-font-weight ); letter-spacing: var( --e-global-typography-text-letter-spacing ); text-transform: var( --e-global-typography-text-text-transform );\">Si est\u00e1 registrado, inicie sesi\u00f3n.<\/span><\/p>\n<p>Tambi\u00e9n puede inscribirse a continuaci\u00f3n.<\/p>\n\t\t\t\t\t\t\t\t<\/div>\n\t\t\t\t<\/div>\n\t\t\t\t<div class=\"elementor-element elementor-element-4f8dde8 elementor-widget elementor-widget-heading\" data-id=\"4f8dde8\" data-element_type=\"widget\" data-e-type=\"widget\" data-widget_type=\"heading.default\">\n\t\t\t\t<div class=\"elementor-widget-container\">\n\t\t\t\t\t<h2 class=\"elementor-heading-title elementor-size-default\">CONECTAR<\/h2>\t\t\t\t<\/div>\n\t\t\t\t<\/div>\n\t\t\t\t<div class=\"elementor-element elementor-element-60caa98f elementor-widget elementor-widget-shortcode\" data-id=\"60caa98f\" data-element_type=\"widget\" data-e-type=\"widget\" data-widget_type=\"shortcode.default\">\n\t\t\t\t<div class=\"elementor-widget-container\">\n\t\t\t\t\t\t\t<div class=\"elementor-shortcode\"><div id=\"wpmem_login\"><a id=\"login\"><\/a><form action=\"https:\/\/international.sites-cites.fr\/es\/inicio-latam\/conexion\/\" method=\"POST\" id=\"wpmem_login_form\" class=\"form\"><input type=\"hidden\" id=\"_wpmem_login_nonce\" name=\"_wpmem_login_nonce\" value=\"d84a05ad40\" \/><input type=\"hidden\" name=\"_wp_http_referer\" value=\"\/es\/wp-json\/wp\/v2\/pages\/1710\" \/><fieldset><legend>Acceso de usuarios existentes<\/legend><label for=\"log\">Nombre de usuario o correo electr\u00f3nico<\/label><div class=\"div_text\"><input name=\"log\" type=\"text\" id=\"log\" value=\"\" class=\"username\" required  \/><\/div><label for=\"pwd\">Contrase\u00f1a<\/label><div class=\"div_text\"><input name=\"pwd\" type=\"password\" id=\"pwd\" class=\"password\" required  \/><\/div><input name=\"a\" type=\"hidden\" value=\"login\" \/><input name=\"redirect_to\" type=\"hidden\" value=\"https:\/\/international.sites-cites.fr\/es\/inicio-latam\/conexion\/\" \/><div class=\"button_div\"><input name=\"rememberme\" type=\"checkbox\" id=\"rememberme\" value=\"forever\" \/>&nbsp;<label for=\"rememberme\">Recu\u00e9rdame<\/label>&nbsp;&nbsp;<input type=\"submit\" name=\"Submit\" value=\"Acceder\" class=\"buttons\" \/><\/div><div class=\"link-text\"><span class=\"link-text-forgot\">\u00bfOlvidaste tu contrase\u00f1a?&nbsp;<a href=\"https:\/\/international.sites-cites.fr\/accueil-global\/profile-ww\/?a=pwdreset\">Haz clic para restablecer<\/a><\/span><\/div><\/fieldset><\/form><\/div><\/div>\n\t\t\t\t\t\t<\/div>\n\t\t\t\t<\/div>\n\t\t\t\t<div class=\"elementor-element elementor-element-35007c3 elementor-widget elementor-widget-heading\" data-id=\"35007c3\" data-element_type=\"widget\" data-e-type=\"widget\" data-widget_type=\"heading.default\">\n\t\t\t\t<div class=\"elementor-widget-container\">\n\t\t\t\t\t<h2 class=\"elementor-heading-title elementor-size-default\">INSCRIPCI\u00d3N<\/h2>\t\t\t\t<\/div>\n\t\t\t\t<\/div>\n\t\t\t\t<div class=\"elementor-element elementor-element-e6fd9e0 elementor-widget elementor-widget-shortcode\" data-id=\"e6fd9e0\" data-element_type=\"widget\" data-e-type=\"widget\" data-widget_type=\"shortcode.default\">\n\t\t\t\t<div class=\"elementor-widget-container\">\n\t\t\t\t\t\t\t<div class=\"elementor-shortcode\"><div id=\"wpmem_reg\"><a id=\"register\"><\/a><form name=\"form\" method=\"post\" enctype=\"multipart\/form-data\" action=\"https:\/\/international.sites-cites.fr\/es\/inicio-latam\/conexion\/\" id=\"wpmem_register_form\" class=\"form\"><input type=\"hidden\" id=\"_wpmem_register_nonce\" name=\"_wpmem_register_nonce\" value=\"f8d7438405\" \/><input type=\"hidden\" name=\"_wp_http_referer\" value=\"\/es\/wp-json\/wp\/v2\/pages\/1710\" \/><fieldset><legend>Registro de un nuevo usuario<\/legend><label for=\"username\" class=\"text\">Elige un nombre de usuario<span class=\"req\">*<\/span><\/label><div class=\"div_text\"><input name=\"username\" type=\"text\" id=\"username\" value=\"\" class=\"textbox\" required  \/><\/div><label for=\"first_name\" class=\"text\">Nombre<span class=\"req\">*<\/span><\/label><div class=\"div_text\"><input name=\"first_name\" type=\"text\" id=\"first_name\" value=\"\" class=\"textbox\" required  \/><\/div><label for=\"last_name\" class=\"text\">Apellidos<span class=\"req\">*<\/span><\/label><div class=\"div_text\"><input name=\"last_name\" type=\"text\" id=\"last_name\" value=\"\" class=\"textbox\" required  \/><\/div><label for=\"billing_address_1\" class=\"text\">Direcci\u00f3n 1<span class=\"req\">*<\/span><\/label><div class=\"div_text\"><input name=\"billing_address_1\" type=\"text\" id=\"billing_address_1\" value=\"\" class=\"textbox\" required  \/><\/div><label for=\"billing_address_2\" class=\"text\">Direcci\u00f3n 2<\/label><div class=\"div_text\"><input name=\"billing_address_2\" type=\"text\" id=\"billing_address_2\" value=\"\" class=\"textbox\" \/><\/div><label for=\"billing_city\" class=\"text\">Ciudad<span class=\"req\">*<\/span><\/label><div class=\"div_text\"><input name=\"billing_city\" type=\"text\" id=\"billing_city\" value=\"\" class=\"textbox\" required  \/><\/div><label for=\"billing_postcode\" class=\"text\">C\u00f3digo postal<span class=\"req\">*<\/span><\/label><div class=\"div_text\"><input name=\"billing_postcode\" type=\"text\" id=\"billing_postcode\" value=\"\" class=\"textbox\" required  \/><\/div><label for=\"billing_country\" class=\"text\">Pa\u00eds<span class=\"req\">*<\/span><\/label><div class=\"div_text\"><input name=\"billing_country\" type=\"text\" id=\"billing_country\" value=\"\" class=\"textbox\" required  \/><\/div><label for=\"billing_phone\" class=\"text\">Phone<span class=\"req\">*<\/span><\/label><div class=\"div_text\"><input name=\"billing_phone\" type=\"text\" id=\"billing_phone\" value=\"\" class=\"textbox\" required  \/><\/div><label for=\"user_email\" class=\"text\">Correo electr\u00f3nico<span class=\"req\">*<\/span><\/label><div class=\"div_text\"><input name=\"user_email\" type=\"email\" id=\"user_email\" value=\"\" class=\"textbox\" required  \/><\/div><label for=\"description\" class=\"textarea\">Pourquoi souhaitez-vous cr\u00e9er un compte?<span class=\"req\">*<\/span><\/label><div class=\"div_textarea\"><textarea cols=\"20\" rows=\"5\" name=\"description\" id=\"description\" class=\"textarea\" required ><\/textarea><\/div><label for=\"user_directory\" class=\"radio\">Souhaitez-vous faire partie de l&#039;annuaire des professionels<\/label><div class=\"div_text\"><input type=\"radio\" name=\"user_directory\" id=\"user_directory_1\" value=\"yes\" > <label for=\"user_directory_1\" id=\"label_user_directory_1\" class=\"radio\">Oui<\/label><br \/><input type=\"radio\" name=\"user_directory\" id=\"user_directory_2\" value=\"no\" checked='checked' > <label for=\"user_directory_2\" id=\"label_user_directory_2\" class=\"radio\">Non<\/label><br \/><\/div><div class=\"user-directory-field image\"><label for=\"photo\" class=\"user-directory-part-label\">Foto<\/label><div class=\"div_text\"><input name=\"photo\" type=\"file\" id=\"photo\" value=\"\" class=\"user-directory-part-field\" onchange=\"loadFile(event, this.id)\" \/><\/div><\/div><div class=\"user-directory-field multicheckbox\"><label for=\"type_de_structure_de_travail_\" class=\"user-directory-part-label\">Tipo de estructura de trabajo<\/label><div class=\"div_text\"><input name=\"type_de_structure_de_travail_[]\" type=\"checkbox\" id=\"type_de_structure_de_travail_[Organismos p\u00fablicos]\" value=\"Organismos p\u00fablicos\" \/>&nbsp;<label for=\"type_de_structure_de_travail_[Organismos p\u00fablicos]\" id=\"type_de_structure_de_travail_[Organismos p\u00fablicos]\" class=\"multicheckbox\">Organisme public<\/label><br \/><input name=\"type_de_structure_de_travail_[]\" type=\"checkbox\" id=\"type_de_structure_de_travail_[Universidad]\" value=\"Universidad\" \/>&nbsp;<label for=\"type_de_structure_de_travail_[Universidad]\" id=\"type_de_structure_de_travail_[Universidad]\" class=\"multicheckbox\">Universit\u00e9<\/label><br \/><input name=\"type_de_structure_de_travail_[]\" type=\"checkbox\" id=\"type_de_structure_de_travail_[Academia]\" value=\"Academia\" \/>&nbsp;<label for=\"type_de_structure_de_travail_[Academia]\" id=\"type_de_structure_de_travail_[Academia]\" class=\"multicheckbox\">Acad\u00e9mie<\/label><br \/><input name=\"type_de_structure_de_travail_[]\" type=\"checkbox\" id=\"type_de_structure_de_travail_[Aut\u00f3nomo]\" value=\"Aut\u00f3nomo\" \/>&nbsp;<label for=\"type_de_structure_de_travail_[Aut\u00f3nomo]\" id=\"type_de_structure_de_travail_[Aut\u00f3nomo]\" class=\"multicheckbox\">Freelance<\/label><br \/><input name=\"type_de_structure_de_travail_[]\" type=\"checkbox\" id=\"type_de_structure_de_travail_[ONG]\" value=\"ONG\" \/>&nbsp;<label for=\"type_de_structure_de_travail_[ONG]\" id=\"type_de_structure_de_travail_[ONG]\" class=\"multicheckbox\">ONG<\/label><br \/><input name=\"type_de_structure_de_travail_[]\" type=\"checkbox\" id=\"type_de_structure_de_travail_[Otros]\" value=\"Otros\" \/>&nbsp;<label for=\"type_de_structure_de_travail_[Otros]\" id=\"type_de_structure_de_travail_[Otros]\" class=\"multicheckbox\">Autre<\/label><br \/><\/div><\/div><div class=\"user-directory-field text\"><label for=\"Nom de structure\" class=\"user-directory-part-label\">Nombre de la estructura<\/label><div class=\"div_text\"><input name=\"Nom de structure\" type=\"text\" id=\"Nom de structure\" value=\"\" class=\"user-directory-part-field\" \/><\/div><\/div><div class=\"user-directory-field text\"><label for=\"oste\" class=\"user-directory-part-label\">Posici\u00f3n<\/label><div class=\"div_text\"><input name=\"oste\" type=\"text\" id=\"oste\" value=\"\" class=\"user-directory-part-field\" \/><\/div><\/div><div class=\"user-directory-field textarea\"><label for=\"description_mission\" class=\"user-directory-part-label\">4 tareas principales en su puesto<\/label><div class=\"div_text\"><textarea cols=\"20\" rows=\"5\" name=\"description_mission\" id=\"description_mission\" class=\"user-directory-part-field\"><\/textarea><\/div><\/div><div class=\"user-directory-field textarea\"><label for=\"patrimoine\" class=\"user-directory-part-label\">Patrimonio en 3 palabras para usted :<\/label><div class=\"div_text\"><textarea cols=\"20\" rows=\"5\" name=\"patrimoine\" id=\"patrimoine\" class=\"user-directory-part-field\"><\/textarea><\/div><\/div><div class=\"user-directory-field image\"><label for=\"photo_dun_projet\" class=\"user-directory-part-label\">Foto del proyecto<\/label><div class=\"div_text\"><input name=\"photo_dun_projet\" type=\"file\" id=\"photo_dun_projet\" value=\"\" class=\"user-directory-part-field\" onchange=\"loadFile(event, this.id)\" \/><\/div><\/div><div class=\"user-directory-field textarea\"><label for=\"projets_actuels\" class=\"user-directory-part-label\">Proyectos en curso<\/label><div class=\"div_text\"><textarea cols=\"20\" rows=\"5\" name=\"projets_actuels\" id=\"projets_actuels\" class=\"user-directory-part-field\"><\/textarea><\/div><\/div><div class=\"user-directory-field textarea\"><label for=\"sujets_sur_lesquels_jaimerais_echanger_avec_dautres_proofessionnels\" class=\"user-directory-part-label\">Temas que me gustar\u00eda debatir con otros profesionales<\/label><div class=\"div_text\"><textarea cols=\"20\" rows=\"5\" name=\"sujets_sur_lesquels_jaimerais_echanger_avec_dautres_proofessionnels\" id=\"sujets_sur_lesquels_jaimerais_echanger_avec_dautres_proofessionnels\" class=\"user-directory-part-field\"><\/textarea><\/div><\/div><div class=\"user-directory-field textarea\"><label for=\"en_bref\" class=\"user-directory-part-label\">En resumen<\/label><div class=\"div_text\"><textarea cols=\"20\" rows=\"5\" name=\"en_bref\" id=\"en_bref\" class=\"user-directory-part-field\"><\/textarea><\/div><\/div><div class=\"user-directory-field textarea\"><label for=\"parcours_academique\" class=\"user-directory-part-label\">Carrera acad\u00e9mica<\/label><div class=\"div_text\"><textarea cols=\"20\" rows=\"5\" name=\"parcours_academique\" id=\"parcours_academique\" class=\"user-directory-part-field\"><\/textarea><\/div><\/div><div class=\"user-directory-field textarea\"><label for=\"parcours_professionnel\" class=\"user-directory-part-label\">Trayectoria profesional<\/label><div class=\"div_text\"><textarea cols=\"20\" rows=\"5\" name=\"parcours_professionnel\" id=\"parcours_professionnel\" class=\"user-directory-part-field\"><\/textarea><\/div><\/div><script src=\"https:\/\/www.google.com\/recaptcha\/api.js?render=6Le_KhspAAAAAFlErlZ0icyetxiNgOjS5pMQwHY6\"><\/script><script>grecaptcha.ready(function () {grecaptcha.execute('6Le_KhspAAAAAFlErlZ0icyetxiNgOjS5pMQwHY6', { action: 'contact' }).then(function (token) {var recaptchaResponse = document.getElementById('recaptchaResponse');recaptchaResponse.value = token;});});<\/script><input type=\"hidden\" name=\"recaptcha_response\" id=\"recaptchaResponse\"><input name=\"a\" type=\"hidden\" value=\"register\" \/><input name=\"wpmem_reg_page\" type=\"hidden\" value=\"https:\/\/international.sites-cites.fr\/es\/inicio-latam\/conexion\/\" \/><div class=\"button_div\"><input name=\"submit\" type=\"submit\" value=\"Registro\" class=\"buttons\" \/><\/div><div class=\"req-text\"><span class=\"req\">*<\/span>Campo necesario<\/div><\/fieldset><\/form><\/div>\n<\/div>\n\t\t\t\t\t\t<\/div>\n\t\t\t\t<\/div>\n\t\t\t\t\t<\/div>\n\t\t<\/div>\n\t\t\t\t\t<\/div>\n\t\t<\/section>\n\t\t\t\t<\/div>\n\t\t","protected":false},"excerpt":{"rendered":"<p>Este contenido s\u00f3lo es accesible a los miembros del sitio. Si est\u00e1 registrado, inicie sesi\u00f3n. Tambi\u00e9n puede inscribirse a continuaci\u00f3n. CONECTAR INSCRIPCI\u00d3N<\/p>\n","protected":false},"author":1,"featured_media":0,"parent":1984,"menu_order":0,"comment_status":"closed","ping_status":"closed","template":"elementor_header_footer","meta":{"_acf_changed":false,"_bbp_topic_count":0,"_bbp_reply_count":0,"_bbp_total_topic_count":0,"_bbp_total_reply_count":0,"_bbp_voice_count":0,"_bbp_anonymous_reply_count":0,"_bbp_topic_count_hidden":0,"_bbp_reply_count_hidden":0,"_bbp_forum_subforum_count":0,"footnotes":""},"class_list":["post-1710","page","type-page","status-publish","hentry"],"acf":[],"yoast_head":"<!-- This site is optimized with the Yoast SEO plugin v27.2 - https:\/\/yoast.com\/product\/yoast-seo-wordpress\/ -->\n<title>Conexi\u00f3n - Sites &amp; Cit\u00e9s International<\/title>\n<meta name=\"robots\" content=\"index, follow, max-snippet:-1, max-image-preview:large, max-video-preview:-1\" \/>\n<link rel=\"canonical\" href=\"https:\/\/international.sites-cites.fr\/es\/inicio-latam\/conexion\/\" \/>\n<meta property=\"og:locale\" content=\"es_ES\" \/>\n<meta property=\"og:type\" content=\"article\" \/>\n<meta property=\"og:title\" content=\"Conexi\u00f3n - Sites &amp; Cit\u00e9s International\" \/>\n<meta property=\"og:description\" content=\"Este contenido s\u00f3lo es accesible a los miembros del sitio. Si est\u00e1 registrado, inicie sesi\u00f3n. Tambi\u00e9n puede inscribirse a continuaci\u00f3n. CONECTAR INSCRIPCI\u00d3N\" \/>\n<meta property=\"og:url\" content=\"https:\/\/international.sites-cites.fr\/es\/inicio-latam\/conexion\/\" \/>\n<meta property=\"og:site_name\" content=\"Sites &amp; Cit\u00e9s International\" \/>\n<meta property=\"article:modified_time\" content=\"2023-09-18T09:41:46+00:00\" \/>\n<meta name=\"twitter:card\" content=\"summary_large_image\" \/>\n<script type=\"application\/ld+json\" class=\"yoast-schema-graph\">{\"@context\":\"https:\/\/schema.org\",\"@graph\":[{\"@type\":\"WebPage\",\"@id\":\"https:\/\/international.sites-cites.fr\/es\/inicio-latam\/conexion\/\",\"url\":\"https:\/\/international.sites-cites.fr\/es\/inicio-latam\/conexion\/\",\"name\":\"Conexi\u00f3n - Sites &amp; Cit\u00e9s International\",\"isPartOf\":{\"@id\":\"https:\/\/international.sites-cites.fr\/es\/#website\"},\"datePublished\":\"2023-01-12T12:53:23+00:00\",\"dateModified\":\"2023-09-18T09:41:46+00:00\",\"breadcrumb\":{\"@id\":\"https:\/\/international.sites-cites.fr\/es\/inicio-latam\/conexion\/#breadcrumb\"},\"inLanguage\":\"es\",\"potentialAction\":[{\"@type\":\"ReadAction\",\"target\":[\"https:\/\/international.sites-cites.fr\/es\/inicio-latam\/conexion\/\"]}]},{\"@type\":\"BreadcrumbList\",\"@id\":\"https:\/\/international.sites-cites.fr\/es\/inicio-latam\/conexion\/#breadcrumb\",\"itemListElement\":[{\"@type\":\"ListItem\",\"position\":1,\"name\":\"Accueil\",\"item\":\"https:\/\/international.sites-cites.fr\/es\/\"},{\"@type\":\"ListItem\",\"position\":2,\"name\":\"INICIO LATAM\",\"item\":\"https:\/\/international.sites-cites.fr\/es\/inicio-latam\/\"},{\"@type\":\"ListItem\",\"position\":3,\"name\":\"Conexi\u00f3n\"}]},{\"@type\":\"WebSite\",\"@id\":\"https:\/\/international.sites-cites.fr\/es\/#website\",\"url\":\"https:\/\/international.sites-cites.fr\/es\/\",\"name\":\"Sites & Cit\u00e9s International\",\"description\":\"\",\"publisher\":{\"@id\":\"https:\/\/international.sites-cites.fr\/es\/#organization\"},\"potentialAction\":[{\"@type\":\"SearchAction\",\"target\":{\"@type\":\"EntryPoint\",\"urlTemplate\":\"https:\/\/international.sites-cites.fr\/es\/?s={search_term_string}\"},\"query-input\":{\"@type\":\"PropertyValueSpecification\",\"valueRequired\":true,\"valueName\":\"search_term_string\"}}],\"inLanguage\":\"es\"},{\"@type\":\"Organization\",\"@id\":\"https:\/\/international.sites-cites.fr\/es\/#organization\",\"name\":\"Sites & Cit\u00e9s International\",\"url\":\"https:\/\/international.sites-cites.fr\/es\/\",\"logo\":{\"@type\":\"ImageObject\",\"inLanguage\":\"es\",\"@id\":\"https:\/\/international.sites-cites.fr\/es\/#\/schema\/logo\/image\/\",\"url\":\"https:\/\/international.sites-cites.fr\/wp-content\/uploads\/2023\/01\/cropped-logo-01.png\",\"contentUrl\":\"https:\/\/international.sites-cites.fr\/wp-content\/uploads\/2023\/01\/cropped-logo-01.png\",\"width\":1378,\"height\":1015,\"caption\":\"Sites & Cit\u00e9s International\"},\"image\":{\"@id\":\"https:\/\/international.sites-cites.fr\/es\/#\/schema\/logo\/image\/\"}}]}<\/script>\n<!-- \/ Yoast SEO plugin. -->","yoast_head_json":{"title":"Conexi\u00f3n - Sites &amp; Cit\u00e9s International","robots":{"index":"index","follow":"follow","max-snippet":"max-snippet:-1","max-image-preview":"max-image-preview:large","max-video-preview":"max-video-preview:-1"},"canonical":"https:\/\/international.sites-cites.fr\/es\/inicio-latam\/conexion\/","og_locale":"es_ES","og_type":"article","og_title":"Conexi\u00f3n - Sites &amp; Cit\u00e9s International","og_description":"Este contenido s\u00f3lo es accesible a los miembros del sitio. Si est\u00e1 registrado, inicie sesi\u00f3n. Tambi\u00e9n puede inscribirse a continuaci\u00f3n. CONECTAR INSCRIPCI\u00d3N","og_url":"https:\/\/international.sites-cites.fr\/es\/inicio-latam\/conexion\/","og_site_name":"Sites &amp; Cit\u00e9s International","article_modified_time":"2023-09-18T09:41:46+00:00","twitter_card":"summary_large_image","schema":{"@context":"https:\/\/schema.org","@graph":[{"@type":"WebPage","@id":"https:\/\/international.sites-cites.fr\/es\/inicio-latam\/conexion\/","url":"https:\/\/international.sites-cites.fr\/es\/inicio-latam\/conexion\/","name":"Conexi\u00f3n - Sites &amp; Cit\u00e9s International","isPartOf":{"@id":"https:\/\/international.sites-cites.fr\/es\/#website"},"datePublished":"2023-01-12T12:53:23+00:00","dateModified":"2023-09-18T09:41:46+00:00","breadcrumb":{"@id":"https:\/\/international.sites-cites.fr\/es\/inicio-latam\/conexion\/#breadcrumb"},"inLanguage":"es","potentialAction":[{"@type":"ReadAction","target":["https:\/\/international.sites-cites.fr\/es\/inicio-latam\/conexion\/"]}]},{"@type":"BreadcrumbList","@id":"https:\/\/international.sites-cites.fr\/es\/inicio-latam\/conexion\/#breadcrumb","itemListElement":[{"@type":"ListItem","position":1,"name":"Accueil","item":"https:\/\/international.sites-cites.fr\/es\/"},{"@type":"ListItem","position":2,"name":"INICIO LATAM","item":"https:\/\/international.sites-cites.fr\/es\/inicio-latam\/"},{"@type":"ListItem","position":3,"name":"Conexi\u00f3n"}]},{"@type":"WebSite","@id":"https:\/\/international.sites-cites.fr\/es\/#website","url":"https:\/\/international.sites-cites.fr\/es\/","name":"Sites & Cit\u00e9s International","description":"","publisher":{"@id":"https:\/\/international.sites-cites.fr\/es\/#organization"},"potentialAction":[{"@type":"SearchAction","target":{"@type":"EntryPoint","urlTemplate":"https:\/\/international.sites-cites.fr\/es\/?s={search_term_string}"},"query-input":{"@type":"PropertyValueSpecification","valueRequired":true,"valueName":"search_term_string"}}],"inLanguage":"es"},{"@type":"Organization","@id":"https:\/\/international.sites-cites.fr\/es\/#organization","name":"Sites & Cit\u00e9s International","url":"https:\/\/international.sites-cites.fr\/es\/","logo":{"@type":"ImageObject","inLanguage":"es","@id":"https:\/\/international.sites-cites.fr\/es\/#\/schema\/logo\/image\/","url":"https:\/\/international.sites-cites.fr\/wp-content\/uploads\/2023\/01\/cropped-logo-01.png","contentUrl":"https:\/\/international.sites-cites.fr\/wp-content\/uploads\/2023\/01\/cropped-logo-01.png","width":1378,"height":1015,"caption":"Sites & Cit\u00e9s International"},"image":{"@id":"https:\/\/international.sites-cites.fr\/es\/#\/schema\/logo\/image\/"}}]}},"_links":{"self":[{"href":"https:\/\/international.sites-cites.fr\/es\/wp-json\/wp\/v2\/pages\/1710","targetHints":{"allow":["GET"]}}],"collection":[{"href":"https:\/\/international.sites-cites.fr\/es\/wp-json\/wp\/v2\/pages"}],"about":[{"href":"https:\/\/international.sites-cites.fr\/es\/wp-json\/wp\/v2\/types\/page"}],"author":[{"embeddable":true,"href":"https:\/\/international.sites-cites.fr\/es\/wp-json\/wp\/v2\/users\/1"}],"replies":[{"embeddable":true,"href":"https:\/\/international.sites-cites.fr\/es\/wp-json\/wp\/v2\/comments?post=1710"}],"version-history":[{"count":3,"href":"https:\/\/international.sites-cites.fr\/es\/wp-json\/wp\/v2\/pages\/1710\/revisions"}],"predecessor-version":[{"id":2253,"href":"https:\/\/international.sites-cites.fr\/es\/wp-json\/wp\/v2\/pages\/1710\/revisions\/2253"}],"up":[{"embeddable":true,"href":"https:\/\/international.sites-cites.fr\/es\/wp-json\/wp\/v2\/pages\/1984"}],"wp:attachment":[{"href":"https:\/\/international.sites-cites.fr\/es\/wp-json\/wp\/v2\/media?parent=1710"}],"curies":[{"name":"wp","href":"https:\/\/api.w.org\/{rel}","templated":true}]}}