{"id":1717,"date":"2023-03-31T09:58:52","date_gmt":"2023-03-31T09:58:52","guid":{"rendered":"https:\/\/international.sites-cites.fr\/espacio-miembros\/base-de-datos-documental\/"},"modified":"2024-02-02T14:02:20","modified_gmt":"2024-02-02T14:02:20","slug":"base-de-datos-documental","status":"publish","type":"page","link":"https:\/\/international.sites-cites.fr\/es\/inicio-latam\/base-de-datos-documental\/","title":{"rendered":"Base de datos documental"},"content":{"rendered":"\t\t<div data-elementor-type=\"wp-page\" data-elementor-id=\"1717\" class=\"elementor elementor-1717 elementor-662\" data-elementor-post-type=\"page\">\n\t\t\t\t<div class=\"elementor-element elementor-element-31725920 e-flex e-con-boxed e-con e-parent\" data-id=\"31725920\" data-element_type=\"container\" data-e-type=\"container\" data-settings=\"{&quot;background_background&quot;:&quot;classic&quot;}\">\n\t\t\t\t\t<div class=\"e-con-inner\">\n\t\t<div class=\"elementor-element elementor-element-17bc2cf4 e-con-full e-flex e-con e-child\" data-id=\"17bc2cf4\" data-element_type=\"container\" data-e-type=\"container\">\n\t\t\t\t<div class=\"elementor-element elementor-element-56a6f1c6 elementor-widget elementor-widget-heading\" data-id=\"56a6f1c6\" data-element_type=\"widget\" data-e-type=\"widget\" data-widget_type=\"heading.default\">\n\t\t\t\t<div class=\"elementor-widget-container\">\n\t\t\t\t\t<h1 class=\"elementor-heading-title elementor-size-default\">Base de datos documental<\/h1>\t\t\t\t<\/div>\n\t\t\t\t<\/div>\n\t\t\t\t<\/div>\n\t\t\t\t\t<\/div>\n\t\t\t\t<\/div>\n\t\t\t\t<section class=\"elementor-section elementor-top-section elementor-element elementor-element-7e8826e4 elementor-section-boxed elementor-section-height-default elementor-section-height-default\" data-id=\"7e8826e4\" data-element_type=\"section\" data-e-type=\"section\" id=\"document\">\n\t\t\t\t\t\t<div class=\"elementor-container elementor-column-gap-default\">\n\t\t\t\t\t<div class=\"elementor-column elementor-col-100 elementor-top-column elementor-element elementor-element-530187fa\" data-id=\"530187fa\" data-element_type=\"column\" data-e-type=\"column\">\n\t\t\t<div class=\"elementor-widget-wrap elementor-element-populated\">\n\t\t\t\t\t\t<div class=\"elementor-element elementor-element-3bb6e337 elementor-widget elementor-widget-menu-anchor\" data-id=\"3bb6e337\" data-element_type=\"widget\" data-e-type=\"widget\" data-widget_type=\"menu-anchor.default\">\n\t\t\t\t<div class=\"elementor-widget-container\">\n\t\t\t\t\t\t\t<div class=\"elementor-menu-anchor\" id=\"marcos\"><\/div>\n\t\t\t\t\t\t<\/div>\n\t\t\t\t<\/div>\n\t\t\t\t<div class=\"elementor-element elementor-element-452bbbd4 elementor-widget elementor-widget-heading\" data-id=\"452bbbd4\" data-element_type=\"widget\" data-e-type=\"widget\" data-widget_type=\"heading.default\">\n\t\t\t\t<div class=\"elementor-widget-container\">\n\t\t\t\t\t<h3 class=\"elementor-heading-title elementor-size-default\">CENTRO DE RECURSOS<\/h3>\t\t\t\t<\/div>\n\t\t\t\t<\/div>\n\t\t\t\t<div class=\"elementor-element elementor-element-2899a0df elementor-tabs-view-horizontal elementor-widget elementor-widget-tabs\" data-id=\"2899a0df\" data-element_type=\"widget\" data-e-type=\"widget\" data-widget_type=\"tabs.default\">\n\t\t\t\t<div class=\"elementor-widget-container\">\n\t\t\t\t\t\t\t<div class=\"elementor-tabs\">\n\t\t\t<div class=\"elementor-tabs-wrapper\" role=\"tablist\" >\n\t\t\t\t\t\t\t\t\t<div id=\"elementor-tab-title-6811\" class=\"elementor-tab-title elementor-tab-desktop-title\" aria-selected=\"true\" data-tab=\"1\" role=\"tab\" tabindex=\"0\" aria-controls=\"elementor-tab-content-6811\" aria-expanded=\"false\">Patrimonio<\/div>\n\t\t\t\t\t\t\t\t\t<div id=\"elementor-tab-title-6812\" class=\"elementor-tab-title elementor-tab-desktop-title\" aria-selected=\"false\" data-tab=\"2\" role=\"tab\" tabindex=\"-1\" aria-controls=\"elementor-tab-content-6812\" aria-expanded=\"false\">Turismo<\/div>\n\t\t\t\t\t\t\t<\/div>\n\t\t\t<div class=\"elementor-tabs-content-wrapper\" role=\"tablist\" aria-orientation=\"vertical\">\n\t\t\t\t\t\t\t\t\t<div class=\"elementor-tab-title elementor-tab-mobile-title\" aria-selected=\"true\" data-tab=\"1\" role=\"tab\" tabindex=\"0\" aria-controls=\"elementor-tab-content-6811\" aria-expanded=\"false\">Patrimonio<\/div>\n\t\t\t\t\t<div id=\"elementor-tab-content-6811\" class=\"elementor-tab-content elementor-clearfix\" data-tab=\"1\" role=\"tabpanel\" aria-labelledby=\"elementor-tab-title-6811\" tabindex=\"0\" hidden=\"false\"><ul>\n<li><a href=\"https:\/\/international.sites-cites.fr\/wp-content\/uploads\/2023\/03\/Presentacion-Politicas-Colombia-Luis-Felipe-Morales.pdf\" target=\"_blank\" rel=\"noopener\"><span style=\"color: #cb4a5f;\">Presentaci\u00f3n de la pol\u00edtica XXX<\/span><\/a><\/li>\n<li><span style=\"color: #cb4a5f;\"><a style=\"color: #cb4a5f;\" href=\"https:\/\/international.sites-cites.fr\/wp-content\/uploads\/2023\/03\/Presentacion-Politicas-de-Turismo-coLOMBIA-1.pdf\" target=\"_blank\" rel=\"noopener\">Presentamos&#8230;<\/a><\/span><\/li>\n<\/ul>\n<\/div>\n\t\t\t\t\t\t\t\t\t<div class=\"elementor-tab-title elementor-tab-mobile-title\" aria-selected=\"false\" data-tab=\"2\" role=\"tab\" tabindex=\"-1\" aria-controls=\"elementor-tab-content-6812\" aria-expanded=\"false\">Turismo<\/div>\n\t\t\t\t\t<div id=\"elementor-tab-content-6812\" class=\"elementor-tab-content elementor-clearfix\" data-tab=\"2\" role=\"tabpanel\" aria-labelledby=\"elementor-tab-title-6812\" tabindex=\"0\" hidden=\"hidden\"><\/div>\n\t\t\t\t\t\t\t<\/div>\n\t\t<\/div>\n\t\t\t\t\t\t<\/div>\n\t\t\t\t<\/div>\n\t\t\t\t\t<\/div>\n\t\t<\/div>\n\t\t\t\t\t<\/div>\n\t\t<\/section>\n\t\t\t\t<section class=\"elementor-section elementor-top-section elementor-element elementor-element-3ebb53d7 elementor-section-boxed elementor-section-height-default elementor-section-height-default\" data-id=\"3ebb53d7\" data-element_type=\"section\" data-e-type=\"section\">\n\t\t\t\t\t\t<div class=\"elementor-container elementor-column-gap-default\">\n\t\t\t\t\t<div class=\"elementor-column elementor-col-100 elementor-top-column elementor-element elementor-element-7b8ffc21\" data-id=\"7b8ffc21\" data-element_type=\"column\" data-e-type=\"column\">\n\t\t\t<div class=\"elementor-widget-wrap elementor-element-populated\">\n\t\t\t\t\t\t<div class=\"elementor-element elementor-element-2878713e elementor-widget elementor-widget-menu-anchor\" data-id=\"2878713e\" data-element_type=\"widget\" data-e-type=\"widget\" data-widget_type=\"menu-anchor.default\">\n\t\t\t\t<div class=\"elementor-widget-container\">\n\t\t\t\t\t\t\t<div class=\"elementor-menu-anchor\" id=\"marcos\"><\/div>\n\t\t\t\t\t\t<\/div>\n\t\t\t\t<\/div>\n\t\t\t\t<div class=\"elementor-element elementor-element-c071e12 elementor-widget elementor-widget-heading\" data-id=\"c071e12\" data-element_type=\"widget\" data-e-type=\"widget\" data-widget_type=\"heading.default\">\n\t\t\t\t<div class=\"elementor-widget-container\">\n\t\t\t\t\t<h3 class=\"elementor-heading-title elementor-size-default\">DOCUMENTACI\u00d3N ACCIONES ANTERIORES<\/h3>\t\t\t\t<\/div>\n\t\t\t\t<\/div>\n\t\t\t\t<div class=\"elementor-element elementor-element-49e5763d elementor-tabs-view-horizontal elementor-widget elementor-widget-tabs\" data-id=\"49e5763d\" data-element_type=\"widget\" data-e-type=\"widget\" data-widget_type=\"tabs.default\">\n\t\t\t\t<div class=\"elementor-widget-container\">\n\t\t\t\t\t\t\t<div class=\"elementor-tabs\">\n\t\t\t<div class=\"elementor-tabs-wrapper\" role=\"tablist\" >\n\t\t\t\t\t\t\t\t\t<div id=\"elementor-tab-title-1231\" class=\"elementor-tab-title elementor-tab-desktop-title\" aria-selected=\"true\" data-tab=\"1\" role=\"tab\" tabindex=\"0\" aria-controls=\"elementor-tab-content-1231\" aria-expanded=\"false\">Acciones en l\u00ednea<\/div>\n\t\t\t\t\t\t\t\t\t<div id=\"elementor-tab-title-1232\" class=\"elementor-tab-title elementor-tab-desktop-title\" aria-selected=\"false\" data-tab=\"2\" role=\"tab\" tabindex=\"-1\" aria-controls=\"elementor-tab-content-1232\" aria-expanded=\"false\">Viajes de estudios<\/div>\n\t\t\t\t\t\t\t\t\t<div id=\"elementor-tab-title-1233\" class=\"elementor-tab-title elementor-tab-desktop-title\" aria-selected=\"false\" data-tab=\"3\" role=\"tab\" tabindex=\"-1\" aria-controls=\"elementor-tab-content-1233\" aria-expanded=\"false\">Misiones en Am\u00e9rica Latina<\/div>\n\t\t\t\t\t\t\t<\/div>\n\t\t\t<div class=\"elementor-tabs-content-wrapper\" role=\"tablist\" aria-orientation=\"vertical\">\n\t\t\t\t\t\t\t\t\t<div class=\"elementor-tab-title elementor-tab-mobile-title\" aria-selected=\"true\" data-tab=\"1\" role=\"tab\" tabindex=\"0\" aria-controls=\"elementor-tab-content-1231\" aria-expanded=\"false\">Acciones en l\u00ednea<\/div>\n\t\t\t\t\t<div id=\"elementor-tab-content-1231\" class=\"elementor-tab-content elementor-clearfix\" data-tab=\"1\" role=\"tabpanel\" aria-labelledby=\"elementor-tab-title-1231\" tabindex=\"0\" hidden=\"false\"><p>1. PRESENTACI\u00d3N DEL PROYECTO A LOS SOCIOS LATINOAMERICANOS Y FRANCESES 07-09-2022 &amp; 07-10-2022<\/p>\n<ul>\n<li><a href=\"https:\/\/international.sites-cites.fr\/wp-content\/uploads\/2023\/09\/0000.-Presentation-reunion-du-07.10.2022.pdf\">PPT de la reuni\u00f3n &#8211; FR<\/a><\/li>\n<li><a href=\"https:\/\/international.sites-cites.fr\/wp-content\/uploads\/2023\/09\/0000.-Presentation-reunion-du-07.09.2022.pdf\">PPT de la reuni\u00f3n &#8211; ES<\/a><\/li>\n<\/ul>\n<p>2. REUNI\u00d3N OFICIAL DE PRESENTACI\u00d3N DE LAS CIUDADES SOCIAS DEL PROYECTO 19-11-2022<\/p>\n<ul>\n<li><a href=\"https:\/\/international.sites-cites.fr\/wp-content\/uploads\/2023\/09\/000.-ordre-du-jour-19-OCT.pdf\">Ordre du jour \/ Orden del dia &#8211; FR ES<\/a><\/li>\n<li><a href=\"https:\/\/international.sites-cites.fr\/wp-content\/uploads\/2023\/09\/000.-Reunion-presentation-partenaires-19.10.2022-Projet-Patrimoine-et-tourisme-durable.pdf\">Ciudades PPT &#8211; FR<\/a><\/li>\n<li><a href=\"https:\/\/international.sites-cites.fr\/wp-content\/uploads\/2023\/09\/000.-Reunion-presentacion-socios-19.10.2022-Proyecto-Patrimonio-y-turismo-durable.pdf\">Presentaci\u00f3n ciudades -ES<\/a><\/li>\n<\/ul>\n<p>3. PRESENTACI\u00d3N DE LAS POL\u00cdTICAS DE PATRIMONIO 28-10-2022<\/p>\n<ul>\n<li><a href=\"https:\/\/international.sites-cites.fr\/wp-content\/uploads\/2023\/09\/0.-Orden-del-dia-PPOLITICAS-PATRIMONIALES.pdf\">Ordre du jour \/ Orden del dia &#8211; FR ES<\/a><\/li>\n<li><a href=\"https:\/\/international.sites-cites.fr\/wp-content\/uploads\/2023\/09\/0.-N-PP-FRANCE-FR.pdf\">Pol\u00edtica francesa &#8211; S\u00edntesis &#8211; FR <\/a><\/li>\n<li><a href=\"https:\/\/international.sites-cites.fr\/wp-content\/uploads\/2023\/09\/0.-PP-FRANCE-FR.pdf\">Pol\u00edticas francesas &#8211; PPT &#8211; FR<\/a><\/li>\n<li><a href=\"https:\/\/international.sites-cites.fr\/wp-content\/uploads\/2023\/09\/0.-PP-FRANCE-ES.pdf\">Pol\u00edticas francesas &#8211; PPT &#8211; ES<\/a><\/li>\n<li><a href=\"https:\/\/international.sites-cites.fr\/wp-content\/uploads\/2023\/09\/0.-N-PP-MEXICO-ES.pdf\">Pol\u00edticas mexicanas &#8211; Resumen &#8211; ES<\/a><\/li>\n<li><a href=\"https:\/\/international.sites-cites.fr\/wp-content\/uploads\/2023\/09\/0.-PP-MEXICO-ES.pdf\">Pol\u00edticas mexicanas &#8211; PPT &#8211; ES <\/a><\/li>\n<li><a href=\"https:\/\/international.sites-cites.fr\/wp-content\/uploads\/2023\/09\/0.-PP-ECUADOR-ES.pdf\">Pol\u00edticas ecuatorianas &#8211; PPT &#8211; ES<\/a> <\/li>\n<\/ul>\n<p>4. WEBINAR EN L\u00cdNEA \/ PROMOCI\u00d3N DE LOS CASCOS ANTIGUOS 24 Y 26 -01-2023<\/p>\n<ul>\n<li><a href=\"https:\/\/international.sites-cites.fr\/wp-content\/uploads\/2023\/09\/1.-Programme-Webinaire-Pat-fr-es.pdf\">Programa \/ Programme &#8211; FR ES<\/a><\/li>\n<li><a href=\"https:\/\/international.sites-cites.fr\/wp-content\/uploads\/2023\/09\/1.-Programme-ppt-FR.pdf\">Presentaciones municipales &#8211; FR<\/a><\/li>\n<li><a href=\"https:\/\/international.sites-cites.fr\/wp-content\/uploads\/2023\/09\/1.-Programa-ppt-es.pdf\">Presentaci\u00f3n ciudades PPT &#8211; ES<\/a><\/li>\n<\/ul>\n<p>5. PRESENTACI\u00d3N DE LAS POL\u00cdTICAS TUR\u00cdSTICAS 07-02-2023<\/p>\n<ul>\n<li><a href=\"https:\/\/international.sites-cites.fr\/wp-content\/uploads\/2023\/09\/2.-PPT-ORDRE-DU-JOUR.pdf\">Ordre du jour \/ Orden del dia &#8211; FR ES<\/a><\/li>\n<li><a href=\"https:\/\/international.sites-cites.fr\/wp-content\/uploads\/2023\/09\/2.-PPT-FRANCE-FR-Valere-Rousseau-07.02.23.pdf\">Pol\u00edticas francesas &#8211; PPT &#8211; FR<\/a><\/li>\n<li><a href=\"https:\/\/international.sites-cites.fr\/wp-content\/uploads\/2023\/09\/2.-PP-T-MEXIQUE-ES.pdf\">Pol\u00edticas mexicanas &#8211; PPT &#8211; ES<\/a><\/li>\n<li><a href=\"https:\/\/international.sites-cites.fr\/wp-content\/uploads\/2023\/09\/2.-PP-T-Colombia-ES.pdf\">Pol\u00edticas colombianas &#8211; Resumen &#8211; ES<\/a><\/li>\n<li><a href=\"https:\/\/international.sites-cites.fr\/wp-content\/uploads\/2023\/09\/2.-PP-T-COLOMBIA-ES-2.pdf\">Pol\u00edticas colombianas &#8211; PPT &#8211; ES<\/a> <\/li>\n<li><a href=\"https:\/\/international.sites-cites.fr\/wp-content\/uploads\/2023\/09\/2.-PP-T-ECUADOR-ES.pdf\">Pol\u00edticas ecuatorianas &#8211; PPT &#8211; ES  <\/a><\/li>\n<\/ul>\n<p>6. SEMINARIO EN L\u00cdNEA \/ TURISMO SOSTENIBLE 07&amp; 09 -03-2023<\/p>\n<ul>\n<li><a href=\"https:\/\/international.sites-cites.fr\/wp-content\/uploads\/2023\/09\/3.-Programme-Webinaire-tur-es-fr.pdf\">Programa \/ Programme &#8211; FR ES<\/a><\/li>\n<li><a href=\"https:\/\/international.sites-cites.fr\/wp-content\/uploads\/2023\/09\/3.-Dinan-Copie.pdf\">Presentaciones en Dinan &#8211; FR<\/a><\/li>\n<li><a href=\"https:\/\/international.sites-cites.fr\/wp-content\/uploads\/2023\/09\/3.-Bordeaux-Copie.pdf\">Presentaciones Burdeos &#8211; FR<\/a><\/li>\n<li><a href=\"https:\/\/international.sites-cites.fr\/wp-content\/uploads\/2023\/09\/3.-CAMPECHE-Copie.pdf\">Presentaci\u00f3n Campeche &#8211; ES<\/a><\/li>\n<li><a href=\"https:\/\/international.sites-cites.fr\/wp-content\/uploads\/2023\/09\/3.-Cuenca-Copie.pdf\">Presentaci\u00f3n Cuenca &#8211; ES<\/a><\/li>\n<li><a href=\"https:\/\/international.sites-cites.fr\/wp-content\/uploads\/2023\/09\/3.-Loja-Copie.pdf\">Presentaci\u00f3n Loja &#8211; ES<\/a><\/li>\n<\/ul>\n<p>7. COMIT\u00c9 DE DIRECCI\u00d3N 05-09-2023<\/p>\n<ul>\n<li><a href=\"https:\/\/international.sites-cites.fr\/wp-content\/uploads\/2023\/09\/Ordre-du-jour-FR.pdf\">Agenda &#8211; FR<\/a><\/li>\n<li><a href=\"https:\/\/international.sites-cites.fr\/wp-content\/uploads\/2023\/09\/Ordre-du-jour-ES.pdf\">Orden del d\u00eda &#8211; ES<\/a> <\/li>\n<li><a href=\"https:\/\/international.sites-cites.fr\/wp-content\/uploads\/2023\/09\/Presentation-reunion-du-07.09.pdf\">Presentation \/ Presentaci\u00f3n<\/a> <\/li>\n<\/ul>\n<\/div>\n\t\t\t\t\t\t\t\t\t<div class=\"elementor-tab-title elementor-tab-mobile-title\" aria-selected=\"false\" data-tab=\"2\" role=\"tab\" tabindex=\"-1\" aria-controls=\"elementor-tab-content-1232\" aria-expanded=\"false\">Viajes de estudios<\/div>\n\t\t\t\t\t<div id=\"elementor-tab-content-1232\" class=\"elementor-tab-content elementor-clearfix\" data-tab=\"2\" role=\"tabpanel\" aria-labelledby=\"elementor-tab-title-1232\" tabindex=\"0\" hidden=\"hidden\"><p>Viaje a Dinan 21, 22, 23-11-2023<\/p>\n<ul>\n<li><a href=\"https:\/\/international.sites-cites.fr\/wp-content\/uploads\/2023\/09\/00.-Programme-voyage-Dinan-final-FR-ES.pdf\">Programa\/ Programme &#8211; FR ES<\/a><\/li>\n<\/ul>\n<p>Viaje a Draguignan 12,13,14-07-2023<\/p>\n<ul>\n<li><a href=\"https:\/\/international.sites-cites.fr\/wp-content\/uploads\/2023\/09\/6.-ES-DG-Programme-previsionnel.pdf\">Programa -ES<\/a><\/li>\n<li><a href=\"https:\/\/international.sites-cites.fr\/wp-content\/uploads\/2023\/09\/6.-FR-DG-Programme-previsionnel.pdf\">Programa &#8211; FR<\/a><\/li>\n<\/ul>\n<p>Viaje a Burdeos 12,13,14-07-2023<\/p>\n<ul>\n<li><a href=\"https:\/\/international.sites-cites.fr\/wp-content\/uploads\/2023\/09\/5.-ES-BX-Programme-previsionnel.pdf\">Programa -ES<\/a><\/li>\n<li><a href=\"https:\/\/international.sites-cites.fr\/wp-content\/uploads\/2023\/09\/5.-VE-BORDEAUX.pdf\">Programa &#8211; FR<\/a><\/li>\n<\/ul>\n<\/div>\n\t\t\t\t\t\t\t\t\t<div class=\"elementor-tab-title elementor-tab-mobile-title\" aria-selected=\"false\" data-tab=\"3\" role=\"tab\" tabindex=\"-1\" aria-controls=\"elementor-tab-content-1233\" aria-expanded=\"false\">Misiones en Am\u00e9rica Latina<\/div>\n\t\t\t\t\t<div id=\"elementor-tab-content-1233\" class=\"elementor-tab-content elementor-clearfix\" data-tab=\"3\" role=\"tabpanel\" aria-labelledby=\"elementor-tab-title-1233\" tabindex=\"0\" hidden=\"hidden\"><p>Misi\u00f3n Colombia &#8211; Ecuador 18 &#8211; 24\/04\/2023<\/p>\n<ul>\n<li><a href=\"https:\/\/international.sites-cites.fr\/wp-content\/uploads\/2023\/09\/4.PROGRAMME-DE-LA-MISSION-ET-DEPLACEMENTS.pdf\">Programa<\/a><\/li>\n<\/ul>\n<\/div>\n\t\t\t\t\t\t\t<\/div>\n\t\t<\/div>\n\t\t\t\t\t\t<\/div>\n\t\t\t\t<\/div>\n\t\t\t\t\t<\/div>\n\t\t<\/div>\n\t\t\t\t\t<\/div>\n\t\t<\/section>\n\t\t\t\t<section class=\"elementor-section elementor-top-section elementor-element elementor-element-41d7b65 elementor-section-boxed elementor-section-height-default elementor-section-height-default\" data-id=\"41d7b65\" data-element_type=\"section\" data-e-type=\"section\">\n\t\t\t\t\t\t<div class=\"elementor-container elementor-column-gap-default\">\n\t\t\t\t\t<div class=\"elementor-column elementor-col-100 elementor-top-column elementor-element elementor-element-9c203d8\" data-id=\"9c203d8\" data-element_type=\"column\" data-e-type=\"column\">\n\t\t\t<div class=\"elementor-widget-wrap\">\n\t\t\t\t\t\t\t<\/div>\n\t\t<\/div>\n\t\t\t\t\t<\/div>\n\t\t<\/section>\n\t\t\t\t<\/div>\n\t\t","protected":false},"excerpt":{"rendered":"<p>Base de datos documental CENTRO DE RECURSOS Patrimonio Turismo Patrimonio Presentaci\u00f3n de la pol\u00edtica XXX Presentamos&#8230; Turismo DOCUMENTACI\u00d3N ACCIONES ANTERIORES Acciones en l\u00ednea Viajes de estudios Misiones en Am\u00e9rica Latina Acciones en l\u00ednea 1. PRESENTACI\u00d3N DEL PROYECTO A LOS SOCIOS LATINOAMERICANOS Y FRANCESES 07-09-2022 &amp; 07-10-2022 PPT de la reuni\u00f3n &#8211; FR PPT de la [&hellip;]<\/p>\n","protected":false},"author":1,"featured_media":0,"parent":1984,"menu_order":0,"comment_status":"closed","ping_status":"closed","template":"","meta":{"_acf_changed":false,"_bbp_topic_count":0,"_bbp_reply_count":0,"_bbp_total_topic_count":0,"_bbp_total_reply_count":0,"_bbp_voice_count":0,"_bbp_anonymous_reply_count":0,"_bbp_topic_count_hidden":0,"_bbp_reply_count_hidden":0,"_bbp_forum_subforum_count":0,"footnotes":""},"class_list":["post-1717","page","type-page","status-publish","hentry"],"acf":[],"yoast_head":"<!-- This site is optimized with the Yoast SEO plugin v27.2 - https:\/\/yoast.com\/product\/yoast-seo-wordpress\/ -->\n<title>Base de datos documental - Sites &amp; Cit\u00e9s International<\/title>\n<meta name=\"robots\" content=\"index, follow, max-snippet:-1, max-image-preview:large, max-video-preview:-1\" \/>\n<link rel=\"canonical\" href=\"https:\/\/international.sites-cites.fr\/es\/inicio-latam\/base-de-datos-documental\/\" \/>\n<meta property=\"og:locale\" content=\"es_ES\" \/>\n<meta property=\"og:type\" content=\"article\" \/>\n<meta property=\"og:title\" content=\"Base de datos documental - Sites &amp; Cit\u00e9s International\" \/>\n<meta property=\"og:description\" content=\"Base de datos documental CENTRO DE RECURSOS Patrimonio Turismo Patrimonio Presentaci\u00f3n de la pol\u00edtica XXX Presentamos&#8230; Turismo DOCUMENTACI\u00d3N ACCIONES ANTERIORES Acciones en l\u00ednea Viajes de estudios Misiones en Am\u00e9rica Latina Acciones en l\u00ednea 1. PRESENTACI\u00d3N DEL PROYECTO A LOS SOCIOS LATINOAMERICANOS Y FRANCESES 07-09-2022 &amp; 07-10-2022 PPT de la reuni\u00f3n &#8211; FR PPT de la [&hellip;]\" \/>\n<meta property=\"og:url\" content=\"https:\/\/international.sites-cites.fr\/es\/inicio-latam\/base-de-datos-documental\/\" \/>\n<meta property=\"og:site_name\" content=\"Sites &amp; Cit\u00e9s International\" \/>\n<meta property=\"article:modified_time\" content=\"2024-02-02T14:02:20+00:00\" \/>\n<meta name=\"twitter:card\" content=\"summary_large_image\" \/>\n<meta name=\"twitter:label1\" content=\"Tiempo de lectura\" \/>\n\t<meta name=\"twitter:data1\" content=\"2 minutos\" \/>\n<script type=\"application\/ld+json\" class=\"yoast-schema-graph\">{\"@context\":\"https:\/\/schema.org\",\"@graph\":[{\"@type\":\"WebPage\",\"@id\":\"https:\/\/international.sites-cites.fr\/es\/inicio-latam\/base-de-datos-documental\/\",\"url\":\"https:\/\/international.sites-cites.fr\/es\/inicio-latam\/base-de-datos-documental\/\",\"name\":\"Base de datos documental - Sites &amp; Cit\u00e9s International\",\"isPartOf\":{\"@id\":\"https:\/\/international.sites-cites.fr\/es\/#website\"},\"datePublished\":\"2023-03-31T09:58:52+00:00\",\"dateModified\":\"2024-02-02T14:02:20+00:00\",\"breadcrumb\":{\"@id\":\"https:\/\/international.sites-cites.fr\/es\/inicio-latam\/base-de-datos-documental\/#breadcrumb\"},\"inLanguage\":\"es\",\"potentialAction\":[{\"@type\":\"ReadAction\",\"target\":[\"https:\/\/international.sites-cites.fr\/es\/inicio-latam\/base-de-datos-documental\/\"]}]},{\"@type\":\"BreadcrumbList\",\"@id\":\"https:\/\/international.sites-cites.fr\/es\/inicio-latam\/base-de-datos-documental\/#breadcrumb\",\"itemListElement\":[{\"@type\":\"ListItem\",\"position\":1,\"name\":\"Accueil\",\"item\":\"https:\/\/international.sites-cites.fr\/es\/\"},{\"@type\":\"ListItem\",\"position\":2,\"name\":\"INICIO LATAM\",\"item\":\"https:\/\/international.sites-cites.fr\/es\/inicio-latam\/\"},{\"@type\":\"ListItem\",\"position\":3,\"name\":\"Base de datos documental\"}]},{\"@type\":\"WebSite\",\"@id\":\"https:\/\/international.sites-cites.fr\/es\/#website\",\"url\":\"https:\/\/international.sites-cites.fr\/es\/\",\"name\":\"Sites & Cit\u00e9s International\",\"description\":\"\",\"publisher\":{\"@id\":\"https:\/\/international.sites-cites.fr\/es\/#organization\"},\"potentialAction\":[{\"@type\":\"SearchAction\",\"target\":{\"@type\":\"EntryPoint\",\"urlTemplate\":\"https:\/\/international.sites-cites.fr\/es\/?s={search_term_string}\"},\"query-input\":{\"@type\":\"PropertyValueSpecification\",\"valueRequired\":true,\"valueName\":\"search_term_string\"}}],\"inLanguage\":\"es\"},{\"@type\":\"Organization\",\"@id\":\"https:\/\/international.sites-cites.fr\/es\/#organization\",\"name\":\"Sites & Cit\u00e9s International\",\"url\":\"https:\/\/international.sites-cites.fr\/es\/\",\"logo\":{\"@type\":\"ImageObject\",\"inLanguage\":\"es\",\"@id\":\"https:\/\/international.sites-cites.fr\/es\/#\/schema\/logo\/image\/\",\"url\":\"https:\/\/international.sites-cites.fr\/wp-content\/uploads\/2023\/01\/cropped-logo-01.png\",\"contentUrl\":\"https:\/\/international.sites-cites.fr\/wp-content\/uploads\/2023\/01\/cropped-logo-01.png\",\"width\":1378,\"height\":1015,\"caption\":\"Sites & Cit\u00e9s International\"},\"image\":{\"@id\":\"https:\/\/international.sites-cites.fr\/es\/#\/schema\/logo\/image\/\"}}]}<\/script>\n<!-- \/ Yoast SEO plugin. -->","yoast_head_json":{"title":"Base de datos documental - Sites &amp; Cit\u00e9s International","robots":{"index":"index","follow":"follow","max-snippet":"max-snippet:-1","max-image-preview":"max-image-preview:large","max-video-preview":"max-video-preview:-1"},"canonical":"https:\/\/international.sites-cites.fr\/es\/inicio-latam\/base-de-datos-documental\/","og_locale":"es_ES","og_type":"article","og_title":"Base de datos documental - Sites &amp; Cit\u00e9s International","og_description":"Base de datos documental CENTRO DE RECURSOS Patrimonio Turismo Patrimonio Presentaci\u00f3n de la pol\u00edtica XXX Presentamos&#8230; Turismo DOCUMENTACI\u00d3N ACCIONES ANTERIORES Acciones en l\u00ednea Viajes de estudios Misiones en Am\u00e9rica Latina Acciones en l\u00ednea 1. PRESENTACI\u00d3N DEL PROYECTO A LOS SOCIOS LATINOAMERICANOS Y FRANCESES 07-09-2022 &amp; 07-10-2022 PPT de la reuni\u00f3n &#8211; FR PPT de la [&hellip;]","og_url":"https:\/\/international.sites-cites.fr\/es\/inicio-latam\/base-de-datos-documental\/","og_site_name":"Sites &amp; Cit\u00e9s International","article_modified_time":"2024-02-02T14:02:20+00:00","twitter_card":"summary_large_image","twitter_misc":{"Tiempo de lectura":"2 minutos"},"schema":{"@context":"https:\/\/schema.org","@graph":[{"@type":"WebPage","@id":"https:\/\/international.sites-cites.fr\/es\/inicio-latam\/base-de-datos-documental\/","url":"https:\/\/international.sites-cites.fr\/es\/inicio-latam\/base-de-datos-documental\/","name":"Base de datos documental - Sites &amp; Cit\u00e9s International","isPartOf":{"@id":"https:\/\/international.sites-cites.fr\/es\/#website"},"datePublished":"2023-03-31T09:58:52+00:00","dateModified":"2024-02-02T14:02:20+00:00","breadcrumb":{"@id":"https:\/\/international.sites-cites.fr\/es\/inicio-latam\/base-de-datos-documental\/#breadcrumb"},"inLanguage":"es","potentialAction":[{"@type":"ReadAction","target":["https:\/\/international.sites-cites.fr\/es\/inicio-latam\/base-de-datos-documental\/"]}]},{"@type":"BreadcrumbList","@id":"https:\/\/international.sites-cites.fr\/es\/inicio-latam\/base-de-datos-documental\/#breadcrumb","itemListElement":[{"@type":"ListItem","position":1,"name":"Accueil","item":"https:\/\/international.sites-cites.fr\/es\/"},{"@type":"ListItem","position":2,"name":"INICIO LATAM","item":"https:\/\/international.sites-cites.fr\/es\/inicio-latam\/"},{"@type":"ListItem","position":3,"name":"Base de datos documental"}]},{"@type":"WebSite","@id":"https:\/\/international.sites-cites.fr\/es\/#website","url":"https:\/\/international.sites-cites.fr\/es\/","name":"Sites & Cit\u00e9s International","description":"","publisher":{"@id":"https:\/\/international.sites-cites.fr\/es\/#organization"},"potentialAction":[{"@type":"SearchAction","target":{"@type":"EntryPoint","urlTemplate":"https:\/\/international.sites-cites.fr\/es\/?s={search_term_string}"},"query-input":{"@type":"PropertyValueSpecification","valueRequired":true,"valueName":"search_term_string"}}],"inLanguage":"es"},{"@type":"Organization","@id":"https:\/\/international.sites-cites.fr\/es\/#organization","name":"Sites & Cit\u00e9s International","url":"https:\/\/international.sites-cites.fr\/es\/","logo":{"@type":"ImageObject","inLanguage":"es","@id":"https:\/\/international.sites-cites.fr\/es\/#\/schema\/logo\/image\/","url":"https:\/\/international.sites-cites.fr\/wp-content\/uploads\/2023\/01\/cropped-logo-01.png","contentUrl":"https:\/\/international.sites-cites.fr\/wp-content\/uploads\/2023\/01\/cropped-logo-01.png","width":1378,"height":1015,"caption":"Sites & Cit\u00e9s International"},"image":{"@id":"https:\/\/international.sites-cites.fr\/es\/#\/schema\/logo\/image\/"}}]}},"_links":{"self":[{"href":"https:\/\/international.sites-cites.fr\/es\/wp-json\/wp\/v2\/pages\/1717","targetHints":{"allow":["GET"]}}],"collection":[{"href":"https:\/\/international.sites-cites.fr\/es\/wp-json\/wp\/v2\/pages"}],"about":[{"href":"https:\/\/international.sites-cites.fr\/es\/wp-json\/wp\/v2\/types\/page"}],"author":[{"embeddable":true,"href":"https:\/\/international.sites-cites.fr\/es\/wp-json\/wp\/v2\/users\/1"}],"replies":[{"embeddable":true,"href":"https:\/\/international.sites-cites.fr\/es\/wp-json\/wp\/v2\/comments?post=1717"}],"version-history":[{"count":5,"href":"https:\/\/international.sites-cites.fr\/es\/wp-json\/wp\/v2\/pages\/1717\/revisions"}],"predecessor-version":[{"id":7023,"href":"https:\/\/international.sites-cites.fr\/es\/wp-json\/wp\/v2\/pages\/1717\/revisions\/7023"}],"up":[{"embeddable":true,"href":"https:\/\/international.sites-cites.fr\/es\/wp-json\/wp\/v2\/pages\/1984"}],"wp:attachment":[{"href":"https:\/\/international.sites-cites.fr\/es\/wp-json\/wp\/v2\/media?parent=1717"}],"curies":[{"name":"wp","href":"https:\/\/api.w.org\/{rel}","templated":true}]}}